

{"id":16006,"date":"2015-03-25T18:05:17","date_gmt":"2015-03-25T17:05:17","guid":{"rendered":"http:\/\/www.vivierboats.com\/product\/sorine-sailing-skiff\/"},"modified":"2023-06-27T17:02:14","modified_gmt":"2023-06-27T16:02:14","slug":"sorine-sailing-skiff","status":"publish","type":"product","link":"https:\/\/www.vivierboats.com\/en\/product\/sorine-sailing-skiff\/","title":{"rendered":"Sorine, sailing skiff"},"content":{"rendered":"<style>\r\ntable#t89 {\r\n    border-collapse: collapse;\r\n\tborder-width: 0px;\r\n\tborder-style: outset;\r\n\tline-height: 2.0em;\r\n    text-align: right;\r\n    vertical-align: top;width: 100%;border-top: 1px solid #CCCCCC;\r\n\t\r\n}\r\ntable#t89 thead tr {\r\n\r\n}\r\ntable#t89 thead tr th.t89 {\r\ncolor: #000000;\r\nbackground: #FFFFFF;\r\nbackground: -moz-linear-gradient(top,  #FFFFFF 0%, #EEEEEE 100%);\r\nbackground: -webkit-gradient(linear, left top, left bottom, color-stop(0%,#FFFFFF), color-stop(100%,#EEEEEE)); \r\nbackground: -webkit-linear-gradient(top,  #FFFFFF 0%,#EEEEEE 100%);\r\nbackground: -o-linear-gradient(top,  #FFFFFF 0%,#EEEEEE 100%);\r\nbackground: -ms-linear-gradient(top,  #FFFFFF 0%,#EEEEEE 100%);\r\nbackground: linear-gradient(to bottom,  #FFFFFF 0%,#EEEEEE 100%);\r\nfilter: progid:DXImageTransform.Microsoft.gradient( startColorstr=\"#FFFFFF\", endColorstr=\"#EEEEEE\",GradientType=0 );\r\nfont-size: 1.5em;\r\nletter-spacing: 0;\r\nline-height: 2.0;\r\npadding: 4px;\r\ntext-transform: none;\r\ntext-align: center;border-bottom: 1px solid #CCCCCC;\r\n}\r\n\r\ntable#t89 thead tr th#t89.start {\r\n\r\n}\r\ntable#t89 thead tr th#t89.end {\r\n\r\n}\r\ntable#t89 tbody tr {\r\n    background: none repeat scroll 0 0 #FFFFFF;\r\n}\r\ntable#t89 tbody tr.table-alternate {\r\n    background: none repeat scroll 0 0 #FCFCFC;\r\n}\r\ntable#t89 tbody tr td {\r\n\tcolor: #000000;\r\n    padding: 5px;\r\n\tborder-width: 0px;\r\n\tline-height: 1.2;\r\n\tfont-size: 1.0em;\r\n\tborder-top: medium none;padding: 3px;border-bottom: 1px solid #CCCCCC;\r\n    text-align: right;\r\n\tvertical-align: middle;\r\n}\r\ntable#t89 tbody tr td#n1 {\r\n\twidth: 25%;\r\n\t}table#t89 tbody tr td#n2 {\r\n\twidth: 15%;\r\n\t}table#t89 tbody tr td#n3 {\r\n\twidth: 10%;\r\n\t}table#t89 tbody tr td#n4 {\r\n\twidth: 25%;\r\n\t}table#t89 tbody tr td#n5 {\r\n\twidth: 15%;\r\n\t}table#t89 tbody tr td#n6 {\r\n\twidth: 5%;\r\n\t}\r\ntable#t89 tbody tr:hover td {background: none repeat scroll 0 0 #EEEEEE;\r\n}\r\ntable#t89 tfoot tr {\r\n}\r\n\r\ntable#t89 tfoot tr td {\r\ncolor: #000000;\r\nbackground: #FFFFFF;\r\nbackground: -moz-linear-gradient(top,  #FFFFFF 0%, #EEEEEE 100%);\r\nbackground: -webkit-gradient(linear, left top, left bottom, color-stop(0%,#FFFFFF), color-stop(100%,#EEEEEE)); \r\nbackground: -webkit-linear-gradient(top,  #FFFFFF 0%,#EEEEEE 100%);\r\nbackground: -o-linear-gradient(top,  #FFFFFF 0%,#EEEEEE 100%);\r\nbackground: -ms-linear-gradient(top,  #FFFFFF 0%,#EEEEEE 100%);\r\nbackground: linear-gradient(to bottom,  #FFFFFF 0%,#EEEEEE 100%);\r\nfilter: progid:DXImageTransform.Microsoft.gradient( startColorstr=\"#FFFFFF\", endColorstr=\"#EEEEEE\",GradientType=0 );\r\npadding: 4px;\r\nborder-width: 0px;\r\nfont-size: 1.0em;\r\nborder-top: medium none;\r\ntext-align: center;\r\n}\r\n<\/style><table id=\"t89\">\r\n\t<tbody><tr class=\"table-alternate row1\"> <td id=\"n1\" class=\"start\"><a href=\"http:\/\/www.vivierboats.com\/en-savoir-plus\/caracteristiques-techniques\/#longueur\" target=\"_blank\">Long. coque<\/a> \/ flottaison<\/td><td id=\"n2\" >4.10 \/ 3.70 m<\/td><td id=\"n3\" ><\/td><td id=\"n4\" >Voilure<\/td><td id=\"n5\" >7.7 m\u00b2<\/td><td id=\"n6\" ><\/td><\/tr><tr class= \"table-noalt row2\"><td id=\"n1\" class=\"start\"><a href=\"http:\/\/www.vivierboats.com\/en-savoir-plus\/caracteristiques-techniques\/#largeur\" target=\"_blank\">Largeur hors bord\u00e9<\/a> \/ flottaison<\/td><td id=\"n2\" >1.50 \/ 1.26 m<\/td><td id=\"n3\" ><\/td><td id=\"n4\" >Moteur hors-bord<\/td><td id=\"n5\" >5 ch<\/td><td id=\"n6\" ><\/td><\/tr><tr class=\"table-alternate row3\"> <td id=\"n1\" class=\"start\">Tirant d\u2019eau<\/td><td id=\"n2\" >0.15 \/ 0.72 m<\/td><td id=\"n3\" ><\/td><td id=\"n4\" ><a href=\"http:\/\/www.vivierboats.com\/en-savoir-plus\/caracteristiques-techniques\/#categorie\" target=\"_blank\">Cat\u00e9gorie et \u00e9quipage<\/a><\/td><td id=\"n5\" >C2 \/ D4<\/td><td id=\"n6\" ><\/td><\/tr><tr class= \"table-noalt row4\"><td id=\"n1\" class=\"start\"><a href=\"http:\/\/www.vivierboats.com\/en-savoir-plus\/caracteristiques-techniques\/#poids\" target=\"_blank\">Poids l\u00e8ge<\/a> sans \/ avec gr\u00e9ement<\/td><td id=\"n2\" >120 \/ 150 kg<\/td><td id=\"n3\" ><\/td><td id=\"n4\" ><a href=\"http:\/\/www.vivierboats.com\/en-savoir-plus\/caracteristiques-techniques\/#temps\" target=\"_blank\">Temps construction avec kit<\/a><\/td><td id=\"n5\" >260 heures<\/td><td id=\"n6\" ><\/td><\/tr><\/tbody><\/table><div class=\"su-spacer\" style=\"height:10px\"><\/div>\n<div class=\"su-note\"  style=\"border-color:#cdcdcd;border-radius:5px;-moz-border-radius:5px;-webkit-border-radius:5px;\"><div class=\"su-note-inner su-u-clearfix su-u-trim\" style=\"background-color:#e7e7e7;border-color:#ffffff;color:#333333;border-radius:5px;-moz-border-radius:5px;-webkit-border-radius:5px;\">Sorine peut \u00eatre construit \u00e0 partir du seul dossier de plans.<\/div><\/div>\n<div class=\"su-spacer\" style=\"height:10px\"><\/div>\n<style>\r\ntable#t90 {\r\n    border-collapse: collapse;\r\n\tborder-width: 0px;\r\n\tborder-style: outset;\r\n\tline-height: 2.0em;\r\n    text-align: center;\r\n    vertical-align: top;width: 100%;border-top: 1px solid #CCCCCC;border-right: 1px solid #CCCCCC;\r\n\t\r\n}\r\ntable#t90 thead tr {\r\n\r\n}\r\ntable#t90 thead tr th.t90 {\r\ncolor: #000000;\r\nbackground: #FFFFFF;\r\nbackground: -moz-linear-gradient(top,  #FFFFFF 0%, #EEEEEE 100%);\r\nbackground: -webkit-gradient(linear, left top, left bottom, color-stop(0%,#FFFFFF), color-stop(100%,#EEEEEE)); \r\nbackground: -webkit-linear-gradient(top,  #FFFFFF 0%,#EEEEEE 100%);\r\nbackground: -o-linear-gradient(top,  #FFFFFF 0%,#EEEEEE 100%);\r\nbackground: -ms-linear-gradient(top,  #FFFFFF 0%,#EEEEEE 100%);\r\nbackground: linear-gradient(to bottom,  #FFFFFF 0%,#EEEEEE 100%);\r\nfilter: progid:DXImageTransform.Microsoft.gradient( startColorstr=\"#FFFFFF\", endColorstr=\"#EEEEEE\",GradientType=0 );\r\nfont-size: 1.5em;\r\nletter-spacing: 0;\r\nline-height: 2.0;\r\npadding: 4px;\r\ntext-transform: none;\r\ntext-align: center;border-bottom: 1px solid #CCCCCC;border-left: 1px solid #CCCCCC;\r\n}\r\n\r\ntable#t90 thead tr th#t90.start {\r\n\r\n}\r\ntable#t90 thead tr th#t90.end {\r\n\r\n}\r\ntable#t90 tbody tr {\r\n    background: none repeat scroll 0 0 #FFFFFF;\r\n}\r\ntable#t90 tbody tr.table-alternate {\r\n    background: none repeat scroll 0 0 #FCFCFC;\r\n}\r\ntable#t90 tbody tr td {\r\n\tcolor: #000000;\r\n    padding: 5px;\r\n\tborder-width: 0px;\r\n\tline-height: 1.4;\r\n\tfont-size: 1.0em;\r\n\tborder-top: medium none;padding: 3px;border-bottom: 1px solid #CCCCCC;border-left: 1px solid #CCCCCC;\r\n    text-align: center;\r\n\tvertical-align: bottom;\r\n}\r\ntable#t90 tbody tr td#n1 {\r\n\twidth: 20%;\r\n\t}table#t90 tbody tr td#n2 {\r\n\twidth: 20%;\r\n\t}table#t90 tbody tr td#n3 {\r\n\twidth: 20%;\r\n\t}table#t90 tbody tr td#n4 {\r\n\twidth: 40%;\r\n\t}\r\ntable#t90 tbody tr:hover td {background: none repeat scroll 0 0 #EEEEEE;\r\n}\r\ntable#t90 tfoot tr {\r\n}\r\n\r\ntable#t90 tfoot tr td {\r\ncolor: #000000;\r\nbackground: #FFFFFF;\r\nbackground: -moz-linear-gradient(top,  #FFFFFF 0%, #EEEEEE 100%);\r\nbackground: -webkit-gradient(linear, left top, left bottom, color-stop(0%,#FFFFFF), color-stop(100%,#EEEEEE)); \r\nbackground: -webkit-linear-gradient(top,  #FFFFFF 0%,#EEEEEE 100%);\r\nbackground: -o-linear-gradient(top,  #FFFFFF 0%,#EEEEEE 100%);\r\nbackground: -ms-linear-gradient(top,  #FFFFFF 0%,#EEEEEE 100%);\r\nbackground: linear-gradient(to bottom,  #FFFFFF 0%,#EEEEEE 100%);\r\nfilter: progid:DXImageTransform.Microsoft.gradient( startColorstr=\"#FFFFFF\", endColorstr=\"#EEEEEE\",GradientType=0 );\r\npadding: 4px;\r\nborder-width: 0px;\r\nfont-size: 1.0em;\r\nborder-top: medium none;\r\ntext-align: center;border-left: 1px solid #CCCCCC;\r\n}\r\n<\/style><table id=\"t90\">\r\n\t<tbody><tr class=\"table-alternate row1\"> <td id=\"n1\" class=\"start\"><a href=\"http:\/\/www.vivierboats.com\/en-savoir-plus\/plans-traces-et-kit\/evaluation\/\" target=\"_blank\">Dossier d'\u00e9valuation<\/a>\u00a0<br\/>par la poste<p class=\"product woocommerce add_to_cart_inline \" style=\"\"><span class=\"woocommerce-Price-amount amount\"><bdi>15.00&nbsp;<span class=\"woocommerce-Price-currencySymbol\">&euro;<\/span><\/bdi><\/span><a href=\"\/en\/wp-json\/wp\/v2\/product\/16006?add-to-cart=15996\" aria-describedby=\"woocommerce_loop_add_to_cart_link_describedby_15996\" data-quantity=\"1\" class=\"button product_type_simple add_to_cart_button ajax_add_to_cart\" data-product_id=\"15996\" data-product_sku=\"\" aria-label=\"Add to cart: &ldquo;Sorine canot, dossier d&#039;\u00e9valuation (\u00e9dition papier)&rdquo;\" rel=\"nofollow\" data-success_message=\"&ldquo;Sorine canot, dossier d&#039;\u00e9valuation (\u00e9dition papier)&rdquo; has been added to your cart\">Add to cart<\/a>\t<span id=\"woocommerce_loop_add_to_cart_link_describedby_15996\" class=\"screen-reader-text\">\n\t\t\t<\/span>\n<\/p><\/td><td id=\"n2\" ><a href=\"http:\/\/www.vivierboats.com\/en-savoir-plus\/plans-traces-et-kit\/evaluation\/\" target=\"_blank\">Dossier d'\u00e9valuation<\/a> par t\u00e9l\u00e9chargement (pdf)<p class=\"product woocommerce add_to_cart_inline \" style=\"\"><span class=\"woocommerce-Price-amount amount\"><bdi>5.00&nbsp;<span class=\"woocommerce-Price-currencySymbol\">&euro;<\/span><\/bdi><\/span><a href=\"\/en\/wp-json\/wp\/v2\/product\/16006?add-to-cart=1262\" aria-describedby=\"woocommerce_loop_add_to_cart_link_describedby_1262\" data-quantity=\"1\" class=\"button product_type_simple add_to_cart_button ajax_add_to_cart\" data-product_id=\"1262\" data-product_sku=\"\" aria-label=\"Add to cart: &ldquo;Sorine canot, dossier d&#039;\u00e9valuation (t\u00e9l\u00e9chargement)&rdquo;\" rel=\"nofollow\" data-success_message=\"&ldquo;Sorine canot, dossier d&#039;\u00e9valuation (t\u00e9l\u00e9chargement)&rdquo; has been added to your cart\">Add to cart<\/a>\t<span id=\"woocommerce_loop_add_to_cart_link_describedby_1262\" class=\"screen-reader-text\">\n\t\t\t<\/span>\n<\/p><\/td><td id=\"n3\" ><\/td><td id=\"n4\" >[box type=\"info\"]Un bateau barre en main peut \u00eatre command\u00e9 aupr\u00e8s de l'un de mes <a href=\"http:\/\/www.vivierboats.com\/partenaires\/\" target=\"_blank\">partenaires<\/a> ou du <a href=\"http:\/\/www.chantierduboismarin.fr\/\" target=\"_blank\" rel=\"noopener\">Chantier du Bois Marin<\/a> \u00e0 Ol\u00e9ron.[\/box] <\/td><\/tr><\/tbody><\/table><div class=\"su-spacer\" style=\"height:10px\"><\/div>\n<a href=\"http:\/\/www.vivierboats.com\/wp-content\/uploads\/bsk-pdf-manager\/77_SORINE-VOILE-FR.PDF\" class=\"su-button su-button-style-flat\" style=\"color:#FFFFFF;background-color:#A30202;border-color:#830202;border-radius:5px\" target=\"_blank\" rel=\"noopener noreferrer\"><span style=\"color:#FFFFFF;padding:0px 18px;font-size:14px;line-height:28px;border-color:#bf4e4e;border-radius:5px;text-shadow:none\"> Drawing<\/span><\/a> <a href=\"http:\/\/www.vivierboats.com\/albumsfr\/Petits%20voiliers%20transportables\/sorine\/index.html\" class=\"su-button su-button-style-flat\" style=\"color:#FFFFFF;background-color:#A30202;border-color:#830202;border-radius:5px\" target=\"_blank\" rel=\"noopener noreferrer\"><span style=\"color:#FFFFFF;padding:0px 18px;font-size:14px;line-height:28px;border-color:#bf4e4e;border-radius:5px;text-shadow:none\"> See photo albums<\/span><\/a>\n<div class=\"su-spacer\" style=\"height:10px\"><\/div>\nSorine, dans sa version voile, est une plate traditionnelle, stable, tr\u00e8s facile \u00e0 construire et \u00e0 la silhouette \u00e0 la fois belle et rustique. C&#8217;est un bateau \u00e0 tout faire, plut\u00f4t en eaux prot\u00e9g\u00e9es, \u00e0 la voile, \u00e0 l&#8217;aviron comme au moteur, pour la promenade et la p\u00eache.<br \/>\nLes plates \u00e9taient nombreuses sur la cote et sont toujours utilis\u00e9es comme annexe par les professionnels. En eaux int\u00e9rieures, on parlerait plut\u00f4t de barque. Ces bateaux \u00e9taient souvent construits autrefois en bois massif par leur propri\u00e9taire.<br \/>\nSorine voile a les caract\u00e9ristiques suivantes :<\/p>\n<ul>\n<li>Pratique, en particulier avec son fond plat, qui permet de le h\u00e2ler sur une gr\u00e8ve sans difficult\u00e9.<\/li>\n<li>Gr\u00e9ement simple de misainier (voile au tiers) ou avec voile \u00e0 livarde, bien adapt\u00e9e \u00e0 la rivi\u00e8re (s&#8217;\u00e9tablit mieux aux allures portantes)<\/li>\n<li>Tableau pouvant recevoir un moteur hors-bord \u00e0 arbre court de 6 ch maximum.<\/li>\n<li>Conception simple et robuste en contreplaqu\u00e9, accessible \u00e0 tout constructeur d\u00e9butant. La construction se fait \u00e0 l&#8217;aide du seul dossier de plan, les formes simples rendant peu utiles des trac\u00e9s vraie grandeur ou un kit en d\u00e9coupe num\u00e9rique.<\/li>\n<li>S\u00fbr, avec sa forme donnant une grande stabilit\u00e9.<\/li>\n<li>Offrant la possibilit\u00e9 de se d\u00e9placer \u00e0 l&#8217;aviron.<\/li>\n<li>Assez l\u00e9ger, quoique robuste, et donc facile \u00e0 transporter et mettre \u00e0 l&#8217;eau<\/li>\n<li>Et tout cela sans sacrifier l&#8217;esth\u00e9tique d&#8217;une jolie embarcation traditionnelle.<\/li>\n<\/ul>\n<p>Sorine existe par ailleurs en <a title=\"Sorine\" href=\"http:\/\/www.vivierboats.com\/produit\/sorine\/\" target=\"_blank\" rel=\"noopener\">version moteur<\/a>.<br \/>\nL\u2019\u00e9cole de charpente navale <a href=\"http:\/\/www.skolarmor.fr\/\" target=\"_blank\" rel=\"noopener\">Skol ar Mor<\/a> a aussi construit une version en bois massif de Sorine, d\u00e9nomm\u00e9e Charlotte skiff, que l\u2019on voit en <a href=\"http:\/\/www.francois.vivier.info\/albumsfr\/Petits%20voiliers%20transportables\/sorine\/index.html\" target=\"_blank\" rel=\"noopener\">photo dans l\u2019album.<\/a><\/p>\n","protected":false},"excerpt":{"rendered":"<h3>Sailing skiff, 4.1 m long, easy to build in plywood<\/h3>\n<p><div class=\"su-spacer\" style=\"height:10px\"><\/div><br \/>\n<div class=\"su-note\"  style=\"border-color:#cdcdcd;border-radius:5px;-moz-border-radius:5px;-webkit-border-radius:5px;\"><div class=\"su-note-inner su-u-clearfix su-u-trim\" style=\"background-color:#e7e7e7;border-color:#ffffff;color:#333333;border-radius:5px;-moz-border-radius:5px;-webkit-border-radius:5px;\">This plan is available in French only. If you would like to order an English version, please <a href=\"http:\/\/http:\/\/www.vivierboats.com\/en\/contact-en\/\">get in touch with the architect<\/a>.<\/div><\/div><\/p>\n","protected":false},"featured_media":44199,"comment_status":"open","ping_status":"closed","template":"","meta":{"ocean_post_layout":"","ocean_both_sidebars_style":"","ocean_both_sidebars_content_width":0,"ocean_both_sidebars_sidebars_width":0,"ocean_sidebar":"","ocean_second_sidebar":"","ocean_disable_margins":"enable","ocean_add_body_class":"","ocean_shortcode_before_top_bar":"","ocean_shortcode_after_top_bar":"","ocean_shortcode_before_header":"","ocean_shortcode_after_header":"","ocean_has_shortcode":"","ocean_shortcode_after_title":"","ocean_shortcode_before_footer_widgets":"","ocean_shortcode_after_footer_widgets":"","ocean_shortcode_before_footer_bottom":"","ocean_shortcode_after_footer_bottom":"","ocean_display_top_bar":"default","ocean_display_header":"default","ocean_header_style":"","ocean_center_header_left_menu":"","ocean_custom_header_template":"","ocean_custom_logo":0,"ocean_custom_retina_logo":0,"ocean_custom_logo_max_width":0,"ocean_custom_logo_tablet_max_width":0,"ocean_custom_logo_mobile_max_width":0,"ocean_custom_logo_max_height":0,"ocean_custom_logo_tablet_max_height":0,"ocean_custom_logo_mobile_max_height":0,"ocean_header_custom_menu":"","ocean_menu_typo_font_family":"","ocean_menu_typo_font_subset":"","ocean_menu_typo_font_size":0,"ocean_menu_typo_font_size_tablet":0,"ocean_menu_typo_font_size_mobile":0,"ocean_menu_typo_font_size_unit":"px","ocean_menu_typo_font_weight":"","ocean_menu_typo_font_weight_tablet":"","ocean_menu_typo_font_weight_mobile":"","ocean_menu_typo_transform":"","ocean_menu_typo_transform_tablet":"","ocean_menu_typo_transform_mobile":"","ocean_menu_typo_line_height":0,"ocean_menu_typo_line_height_tablet":0,"ocean_menu_typo_line_height_mobile":0,"ocean_menu_typo_line_height_unit":"","ocean_menu_typo_spacing":0,"ocean_menu_typo_spacing_tablet":0,"ocean_menu_typo_spacing_mobile":0,"ocean_menu_typo_spacing_unit":"","ocean_menu_link_color":"","ocean_menu_link_color_hover":"","ocean_menu_link_color_active":"","ocean_menu_link_background":"","ocean_menu_link_hover_background":"","ocean_menu_link_active_background":"","ocean_menu_social_links_bg":"","ocean_menu_social_hover_links_bg":"","ocean_menu_social_links_color":"","ocean_menu_social_hover_links_color":"","ocean_disable_title":"default","ocean_disable_heading":"default","ocean_post_title":"","ocean_post_subheading":"","ocean_post_title_style":"","ocean_post_title_background_color":"","ocean_post_title_background":0,"ocean_post_title_bg_image_position":"","ocean_post_title_bg_image_attachment":"","ocean_post_title_bg_image_repeat":"","ocean_post_title_bg_image_size":"","ocean_post_title_height":0,"ocean_post_title_bg_overlay":0.5,"ocean_post_title_bg_overlay_color":"","ocean_disable_breadcrumbs":"default","ocean_breadcrumbs_color":"","ocean_breadcrumbs_separator_color":"","ocean_breadcrumbs_links_color":"","ocean_breadcrumbs_links_hover_color":"","ocean_display_footer_widgets":"default","ocean_display_footer_bottom":"default","ocean_custom_footer_template":""},"product_brand":[],"product_cat":[765,766],"product_tag":[768,783],"class_list":{"0":"post-16006","1":"product","2":"type-product","3":"status-publish","4":"has-post-thumbnail","6":"product_cat-classic-open-sail-boats","7":"product_cat-sail-and-oars-boats","8":"product_tag-4-to-5-m","9":"product_tag-lug-sail","10":"pa_paper-print-download-by-e-mail","11":"pa_paper-print-download-paper-print-en","12":"pa_paper-print-download-download-pdf-en","13":"pa_plan-type-building-plan","14":"pa_plan-type-study-plan","16":"entry","17":"has-media","19":"first","20":"instock","21":"taxable","22":"shipping-taxable","23":"product-type-grouped","24":"col","25":"span_1_of_4","26":"owp-content-center","27":"item-entry","28":"owp-thumbs-layout-horizontal","29":"owp-btn-big","30":"owp-tabs-layout-section","31":"has-no-thumbnails"},"jetpack_sharing_enabled":true,"_links":{"self":[{"href":"https:\/\/www.vivierboats.com\/en\/wp-json\/wp\/v2\/product\/16006","targetHints":{"allow":["GET"]}}],"collection":[{"href":"https:\/\/www.vivierboats.com\/en\/wp-json\/wp\/v2\/product"}],"about":[{"href":"https:\/\/www.vivierboats.com\/en\/wp-json\/wp\/v2\/types\/product"}],"replies":[{"embeddable":true,"href":"https:\/\/www.vivierboats.com\/en\/wp-json\/wp\/v2\/comments?post=16006"}],"version-history":[{"count":0,"href":"https:\/\/www.vivierboats.com\/en\/wp-json\/wp\/v2\/product\/16006\/revisions"}],"wp:featuredmedia":[{"embeddable":true,"href":"https:\/\/www.vivierboats.com\/en\/wp-json\/wp\/v2\/media\/44199"}],"wp:attachment":[{"href":"https:\/\/www.vivierboats.com\/en\/wp-json\/wp\/v2\/media?parent=16006"}],"wp:term":[{"taxonomy":"product_brand","embeddable":true,"href":"https:\/\/www.vivierboats.com\/en\/wp-json\/wp\/v2\/product_brand?post=16006"},{"taxonomy":"product_cat","embeddable":true,"href":"https:\/\/www.vivierboats.com\/en\/wp-json\/wp\/v2\/product_cat?post=16006"},{"taxonomy":"product_tag","embeddable":true,"href":"https:\/\/www.vivierboats.com\/en\/wp-json\/wp\/v2\/product_tag?post=16006"}],"curies":[{"name":"wp","href":"https:\/\/api.w.org\/{rel}","templated":true}]}}