

{"id":16005,"date":"2013-01-01T16:13:59","date_gmt":"2013-01-01T15:13:59","guid":{"rendered":"http:\/\/www.vivierboats.com\/product\/sorine-motor-skiff\/"},"modified":"2020-10-09T13:50:08","modified_gmt":"2020-10-09T12:50:08","slug":"sorine-motor-skiff","status":"publish","type":"product","link":"https:\/\/www.vivierboats.com\/en\/product\/sorine-motor-skiff\/","title":{"rendered":"Sorine, motor skiff"},"content":{"rendered":"<style>\r\ntable#t86 {\r\n    border-collapse: collapse;\r\n\tborder-width: 0px;\r\n\tborder-style: outset;\r\n\tline-height: 2.0em;\r\n    text-align: right;\r\n    vertical-align: top;width: 100%;border-top: 1px solid #CCCCCC;\r\n\t\r\n}\r\ntable#t86 thead tr {\r\n\r\n}\r\ntable#t86 thead tr th.t86 {\r\ncolor: #000000;\r\nbackground: #FFFFFF;\r\nbackground: -moz-linear-gradient(top,  #FFFFFF 0%, #EEEEEE 100%);\r\nbackground: -webkit-gradient(linear, left top, left bottom, color-stop(0%,#FFFFFF), color-stop(100%,#EEEEEE)); \r\nbackground: -webkit-linear-gradient(top,  #FFFFFF 0%,#EEEEEE 100%);\r\nbackground: -o-linear-gradient(top,  #FFFFFF 0%,#EEEEEE 100%);\r\nbackground: -ms-linear-gradient(top,  #FFFFFF 0%,#EEEEEE 100%);\r\nbackground: linear-gradient(to bottom,  #FFFFFF 0%,#EEEEEE 100%);\r\nfilter: progid:DXImageTransform.Microsoft.gradient( startColorstr=\"#FFFFFF\", endColorstr=\"#EEEEEE\",GradientType=0 );\r\nfont-size: 1.5em;\r\nletter-spacing: 0;\r\nline-height: 2.0;\r\npadding: 4px;\r\ntext-transform: none;\r\ntext-align: center;border-bottom: 1px solid #CCCCCC;\r\n}\r\n\r\ntable#t86 thead tr th#t86.start {\r\n\r\n}\r\ntable#t86 thead tr th#t86.end {\r\n\r\n}\r\ntable#t86 tbody tr {\r\n    background: none repeat scroll 0 0 #FFFFFF;\r\n}\r\ntable#t86 tbody tr.table-alternate {\r\n    background: none repeat scroll 0 0 #FCFCFC;\r\n}\r\ntable#t86 tbody tr td {\r\n\tcolor: #000000;\r\n    padding: 5px;\r\n\tborder-width: 0px;\r\n\tline-height: 1.2;\r\n\tfont-size: 1.0em;\r\n\tborder-top: medium none;padding: 3px;border-bottom: 1px solid #CCCCCC;\r\n    text-align: right;\r\n\tvertical-align: middle;\r\n}\r\ntable#t86 tbody tr td#n1 {\r\n\twidth: 25%;\r\n\t}table#t86 tbody tr td#n2 {\r\n\twidth: 15%;\r\n\t}table#t86 tbody tr td#n3 {\r\n\twidth: 10%;\r\n\t}table#t86 tbody tr td#n4 {\r\n\twidth: 25%;\r\n\t}table#t86 tbody tr td#n5 {\r\n\twidth: 15%;\r\n\t}table#t86 tbody tr td#n6 {\r\n\twidth: 5%;\r\n\t}\r\ntable#t86 tbody tr:hover td {background: none repeat scroll 0 0 #EEEEEE;\r\n}\r\ntable#t86 tfoot tr {\r\n}\r\n\r\ntable#t86 tfoot tr td {\r\ncolor: #000000;\r\nbackground: #FFFFFF;\r\nbackground: -moz-linear-gradient(top,  #FFFFFF 0%, #EEEEEE 100%);\r\nbackground: -webkit-gradient(linear, left top, left bottom, color-stop(0%,#FFFFFF), color-stop(100%,#EEEEEE)); \r\nbackground: -webkit-linear-gradient(top,  #FFFFFF 0%,#EEEEEE 100%);\r\nbackground: -o-linear-gradient(top,  #FFFFFF 0%,#EEEEEE 100%);\r\nbackground: -ms-linear-gradient(top,  #FFFFFF 0%,#EEEEEE 100%);\r\nbackground: linear-gradient(to bottom,  #FFFFFF 0%,#EEEEEE 100%);\r\nfilter: progid:DXImageTransform.Microsoft.gradient( startColorstr=\"#FFFFFF\", endColorstr=\"#EEEEEE\",GradientType=0 );\r\npadding: 4px;\r\nborder-width: 0px;\r\nfont-size: 1.0em;\r\nborder-top: medium none;\r\ntext-align: center;\r\n}\r\n<\/style><table id=\"t86\">\r\n\t<tbody><tr class=\"table-alternate row1\"> <td id=\"n1\" class=\"start\"><a href=\"http:\/\/www.vivierboats.com\/en-savoir-plus\/caracteristiques-techniques\/#longueur\" target=\"_blank\">Long. coque<\/a> \/ flottaison<\/td><td id=\"n2\" >4.10 \/ 3.70 m<\/td><td id=\"n3\" ><\/td><td id=\"n4\" >Voilure<\/td><td id=\"n5\" ><\/td><td id=\"n6\" ><\/td><\/tr><tr class= \"table-noalt row2\"><td id=\"n1\" class=\"start\"><a href=\"http:\/\/www.vivierboats.com\/en-savoir-plus\/caracteristiques-techniques\/#largeur\" target=\"_blank\">Largeur hors bord\u00e9<\/a> \/ flottaison<\/td><td id=\"n2\" >1.50 \/ 1.26 m<\/td><td id=\"n3\" ><\/td><td id=\"n4\" >Moteur hors-bord<\/td><td id=\"n5\" >5 ch<\/td><td id=\"n6\" ><\/td><\/tr><tr class=\"table-alternate row3\"> <td id=\"n1\" class=\"start\">Tirant d\u2019eau<\/td><td id=\"n2\" >0.13 m<\/td><td id=\"n3\" ><\/td><td id=\"n4\" ><a href=\"http:\/\/www.vivierboats.com\/en-savoir-plus\/caracteristiques-techniques\/#categorie\" target=\"_blank\">Cat\u00e9gorie et \u00e9quipage<\/a><\/td><td id=\"n5\" >C2 \/ D5<\/td><td id=\"n6\" ><\/td><\/tr><tr class= \"table-noalt row4\"><td id=\"n1\" class=\"start\"><a href=\"http:\/\/www.vivierboats.com\/en-savoir-plus\/caracteristiques-techniques\/#poids\" target=\"_blank\">Poids l\u00e8ge<\/a> sans \/ avec moteur<\/td><td id=\"n2\" >100 \/ 130 kg<\/td><td id=\"n3\" ><\/td><td id=\"n4\" ><a href=\"http:\/\/www.vivierboats.com\/en-savoir-plus\/caracteristiques-techniques\/#temps\" target=\"_blank\">Temps construction avec kit<\/a><\/td><td id=\"n5\" >180 heures<\/td><td id=\"n6\" ><\/td><\/tr><\/tbody><\/table><div class=\"su-spacer\" style=\"height:10px\"><\/div>\n<style>\r\ntable#t88 {\r\n    border-collapse: collapse;\r\n\tborder-width: 0px;\r\n\tborder-style: outset;\r\n\tline-height: 2.0em;\r\n    text-align: center;\r\n    vertical-align: top;width: 100%;border-top: 1px solid #CCCCCC;border-right: 1px solid #CCCCCC;\r\n\t\r\n}\r\ntable#t88 thead tr {\r\n\r\n}\r\ntable#t88 thead tr th.t88 {\r\ncolor: #000000;\r\nbackground: #FFFFFF;\r\nbackground: -moz-linear-gradient(top,  #FFFFFF 0%, #EEEEEE 100%);\r\nbackground: -webkit-gradient(linear, left top, left bottom, color-stop(0%,#FFFFFF), color-stop(100%,#EEEEEE)); \r\nbackground: -webkit-linear-gradient(top,  #FFFFFF 0%,#EEEEEE 100%);\r\nbackground: -o-linear-gradient(top,  #FFFFFF 0%,#EEEEEE 100%);\r\nbackground: -ms-linear-gradient(top,  #FFFFFF 0%,#EEEEEE 100%);\r\nbackground: linear-gradient(to bottom,  #FFFFFF 0%,#EEEEEE 100%);\r\nfilter: progid:DXImageTransform.Microsoft.gradient( startColorstr=\"#FFFFFF\", endColorstr=\"#EEEEEE\",GradientType=0 );\r\nfont-size: 1.5em;\r\nletter-spacing: 0;\r\nline-height: 2.0;\r\npadding: 4px;\r\ntext-transform: none;\r\ntext-align: center;border-bottom: 1px solid #CCCCCC;border-left: 1px solid #CCCCCC;\r\n}\r\n\r\ntable#t88 thead tr th#t88.start {\r\n\r\n}\r\ntable#t88 thead tr th#t88.end {\r\n\r\n}\r\ntable#t88 tbody tr {\r\n    background: none repeat scroll 0 0 #FFFFFF;\r\n}\r\ntable#t88 tbody tr.table-alternate {\r\n    background: none repeat scroll 0 0 #FCFCFC;\r\n}\r\ntable#t88 tbody tr td {\r\n\tcolor: #000000;\r\n    padding: 5px;\r\n\tborder-width: 0px;\r\n\tline-height: 1.4;\r\n\tfont-size: 1.0em;\r\n\tborder-top: medium none;padding: 3px;border-bottom: 1px solid #CCCCCC;border-left: 1px solid #CCCCCC;\r\n    text-align: center;\r\n\tvertical-align: bottom;\r\n}\r\ntable#t88 tbody tr td#n1 {\r\n\twidth: 20%;\r\n\t}table#t88 tbody tr td#n2 {\r\n\twidth: 20%;\r\n\t}table#t88 tbody tr td#n3 {\r\n\twidth: 20%;\r\n\t}table#t88 tbody tr td#n4 {\r\n\twidth: 40%;\r\n\t}\r\ntable#t88 tbody tr:hover td {background: none repeat scroll 0 0 #EEEEEE;\r\n}\r\ntable#t88 tfoot tr {\r\n}\r\n\r\ntable#t88 tfoot tr td {\r\ncolor: #000000;\r\nbackground: #FFFFFF;\r\nbackground: -moz-linear-gradient(top,  #FFFFFF 0%, #EEEEEE 100%);\r\nbackground: -webkit-gradient(linear, left top, left bottom, color-stop(0%,#FFFFFF), color-stop(100%,#EEEEEE)); \r\nbackground: -webkit-linear-gradient(top,  #FFFFFF 0%,#EEEEEE 100%);\r\nbackground: -o-linear-gradient(top,  #FFFFFF 0%,#EEEEEE 100%);\r\nbackground: -ms-linear-gradient(top,  #FFFFFF 0%,#EEEEEE 100%);\r\nbackground: linear-gradient(to bottom,  #FFFFFF 0%,#EEEEEE 100%);\r\nfilter: progid:DXImageTransform.Microsoft.gradient( startColorstr=\"#FFFFFF\", endColorstr=\"#EEEEEE\",GradientType=0 );\r\npadding: 4px;\r\nborder-width: 0px;\r\nfont-size: 1.0em;\r\nborder-top: medium none;\r\ntext-align: center;border-left: 1px solid #CCCCCC;\r\n}\r\n<\/style><table id=\"t88\">\r\n\t<tbody><tr class=\"table-alternate row1\"> <td id=\"n1\" class=\"start\"><a href=\"http:\/\/www.vivierboats.com\/en-savoir-plus\/plans-traces-et-kit\/evaluation\/\" target=\"_blank\">Dossier d'\u00e9valuation<\/a>\u00a0<br\/>par la poste<p class=\"product woocommerce add_to_cart_inline \" style=\"\"><span class=\"woocommerce-Price-amount amount\"><bdi>15.00&nbsp;<span class=\"woocommerce-Price-currencySymbol\">&euro;<\/span><\/bdi><\/span><a href=\"\/en\/wp-json\/wp\/v2\/product\/16005?add-to-cart=15996\" aria-describedby=\"woocommerce_loop_add_to_cart_link_describedby_15996\" data-quantity=\"1\" class=\"button product_type_simple add_to_cart_button ajax_add_to_cart\" data-product_id=\"15996\" data-product_sku=\"\" aria-label=\"Add to cart: &ldquo;Sorine canot, dossier d&#039;\u00e9valuation (\u00e9dition papier)&rdquo;\" rel=\"nofollow\" data-success_message=\"&ldquo;Sorine canot, dossier d&#039;\u00e9valuation (\u00e9dition papier)&rdquo; has been added to your cart\">Add to cart<\/a>\t<span id=\"woocommerce_loop_add_to_cart_link_describedby_15996\" class=\"screen-reader-text\">\n\t\t\t<\/span>\n<\/p><\/td><td id=\"n2\" ><a href=\"http:\/\/www.vivierboats.com\/en-savoir-plus\/plans-traces-et-kit\/evaluation\/\" target=\"_blank\">Dossier d'\u00e9valuation<\/a> par t\u00e9l\u00e9chargement (pdf)<p class=\"product woocommerce add_to_cart_inline \" style=\"\"><span class=\"woocommerce-Price-amount amount\"><bdi>5.00&nbsp;<span class=\"woocommerce-Price-currencySymbol\">&euro;<\/span><\/bdi><\/span><a href=\"\/en\/wp-json\/wp\/v2\/product\/16005?add-to-cart=1262\" aria-describedby=\"woocommerce_loop_add_to_cart_link_describedby_1262\" data-quantity=\"1\" class=\"button product_type_simple add_to_cart_button ajax_add_to_cart\" data-product_id=\"1262\" data-product_sku=\"\" aria-label=\"Add to cart: &ldquo;Sorine canot, dossier d&#039;\u00e9valuation (t\u00e9l\u00e9chargement)&rdquo;\" rel=\"nofollow\" data-success_message=\"&ldquo;Sorine canot, dossier d&#039;\u00e9valuation (t\u00e9l\u00e9chargement)&rdquo; has been added to your cart\">Add to cart<\/a>\t<span id=\"woocommerce_loop_add_to_cart_link_describedby_1262\" class=\"screen-reader-text\">\n\t\t\t<\/span>\n<\/p><\/td><td id=\"n3\" ><\/td><td id=\"n4\" >[box type=\"info\"]Un bateau barre en main peut \u00eatre command\u00e9 aupr\u00e8s de l'un de mes <a href=\"http:\/\/www.vivierboats.com\/mes-partenaires\/\" target=\"_blank\">partenaires<\/a> ou du <a href=\"http:\/\/www.chantierduboismarin.fr\/\" target=\"_blank\" rel=\"noopener\">Chantier du Bois Marin<\/a> \u00e0 Ol\u00e9ron.[\/box] <\/td><\/tr><\/tbody><\/table><div class=\"su-spacer\" style=\"height:10px\"><\/div>\n<div class=\"su-note\"  style=\"border-color:#cdcdcd;border-radius:5px;-moz-border-radius:5px;-webkit-border-radius:5px;\"><div class=\"su-note-inner su-u-clearfix su-u-trim\" style=\"background-color:#e7e7e7;border-color:#ffffff;color:#333333;border-radius:5px;-moz-border-radius:5px;-webkit-border-radius:5px;\">Sorine peut \u00eatre construit \u00e0 partir du seul dossier de plans.<\/div><\/div>\n<a href=\"http:\/\/www.vivierboats.com\/wp-content\/uploads\/bsk-pdf-manager\/73_SORINE-CANOT-FR.PDF\" class=\"su-button su-button-style-flat\" style=\"color:#FFFFFF;background-color:#A30202;border-color:#830202;border-radius:5px\" target=\"_blank\" rel=\"noopener noreferrer\"><span style=\"color:#FFFFFF;padding:0px 18px;font-size:14px;line-height:28px;border-color:#bf4e4e;border-radius:5px;text-shadow:none\"> Drawing<\/span><\/a> <a href=\"http:\/\/www.vivierboats.com\/albumsfr\/Bateaux%20moteur\/sorine\/index.html\" class=\"su-button su-button-style-flat\" style=\"color:#FFFFFF;background-color:#A30202;border-color:#830202;border-radius:5px\" target=\"_blank\" rel=\"noopener noreferrer\"><span style=\"color:#FFFFFF;padding:0px 18px;font-size:14px;line-height:28px;border-color:#bf4e4e;border-radius:5px;text-shadow:none\"> See photo albums<\/span><\/a>\n<div class=\"su-spacer\" style=\"height:10px\"><\/div>\nSorine canot est une &#8220;plate&#8221;, bateau d&#8217;une grande simplicit\u00e9 qui pourtant ne manque pas d&#8217;\u00e9l\u00e9gance et d&#8217;harmonie avec ses volumes parfaitement \u00e9quilibr\u00e9s. Le fond plat lui donne une excellente stabilit\u00e9 qui en fait un bateau \u00e0 tout faire et en particulier bien adapt\u00e9 \u00e0 la p\u00eache en mer ou en rivi\u00e8re. Il est destin\u00e9 \u00e0 \u00eatre propuls\u00e9 aussi bien au moteur ou \u00e0 l&#8217;aviron. Les bancs ont \u00e9t\u00e9 dispos\u00e9s pour lui permettre de naviguer en toutes circonstances avec une assiette proche de l&#8217;horizontale, quel que soit le nombre de personnes \u00e0 bord. Le banc du barreur est avanc\u00e9 \u00e0 cette fin et il est conseill\u00e9 d&#8217;utiliser une allonge de barre.<br \/>\nLa construction se fait en contreplaqu\u00e9. Elle est \u00e0 la port\u00e9e de tout constructeur amateur, d&#8217;autant que le dossier de plans est particuli\u00e8rement d\u00e9taill\u00e9, incluant des plans cot\u00e9s pour construire \u00e0 partir des seuls plans.<br \/>\nLe bateau est insubmersible.<\/p>\n<p>Huit premiers exemplaires ont \u00e9t\u00e9 construits par le <a href=\"http:\/\/www.chantierduboismarin.fr\/\" target=\"_blank\" rel=\"noopener\">Chantier du Bois Marin<\/a> \u00e0 l&#8217;\u00eele d&#8217;Ol\u00e9ron, destin\u00e9s \u00e0 un parc naturel.<\/p>\n<p>Il existe une <a title=\"Sorine voile\" href=\"https:\/\/www.vivierboats.com\/produit\/sorine-voile\/\" target=\"_blank\" rel=\"noopener\">version voile<\/a>.<\/p>\n","protected":false},"excerpt":{"rendered":"<h3>Sorine, motor skiff, 4.1 m long, easy to build in plywood.<\/h3>\n<div class=\"su-spacer\" style=\"height:10px\"><\/div>\n<div class=\"su-note\"  style=\"border-color:#cdcdcd;border-radius:5px;-moz-border-radius:5px;-webkit-border-radius:5px;\"><div class=\"su-note-inner su-u-clearfix su-u-trim\" style=\"background-color:#e7e7e7;border-color:#ffffff;color:#333333;border-radius:5px;-moz-border-radius:5px;-webkit-border-radius:5px;\">This plan is available in French only. If you would like to order an English version, please <a href=\"http:\/\/http:\/\/www.vivierboats.com\/en\/contact-en\/\">get in touch with the architect<\/a>.<\/div><\/div>\n","protected":false},"featured_media":4640,"comment_status":"open","ping_status":"closed","template":"","meta":{"ocean_post_layout":"","ocean_both_sidebars_style":"","ocean_both_sidebars_content_width":0,"ocean_both_sidebars_sidebars_width":0,"ocean_sidebar":"","ocean_second_sidebar":"","ocean_disable_margins":"enable","ocean_add_body_class":"","ocean_shortcode_before_top_bar":"","ocean_shortcode_after_top_bar":"","ocean_shortcode_before_header":"","ocean_shortcode_after_header":"","ocean_has_shortcode":"","ocean_shortcode_after_title":"","ocean_shortcode_before_footer_widgets":"","ocean_shortcode_after_footer_widgets":"","ocean_shortcode_before_footer_bottom":"","ocean_shortcode_after_footer_bottom":"","ocean_display_top_bar":"default","ocean_display_header":"default","ocean_header_style":"","ocean_center_header_left_menu":"","ocean_custom_header_template":"","ocean_custom_logo":0,"ocean_custom_retina_logo":0,"ocean_custom_logo_max_width":0,"ocean_custom_logo_tablet_max_width":0,"ocean_custom_logo_mobile_max_width":0,"ocean_custom_logo_max_height":0,"ocean_custom_logo_tablet_max_height":0,"ocean_custom_logo_mobile_max_height":0,"ocean_header_custom_menu":"","ocean_menu_typo_font_family":"","ocean_menu_typo_font_subset":"","ocean_menu_typo_font_size":0,"ocean_menu_typo_font_size_tablet":0,"ocean_menu_typo_font_size_mobile":0,"ocean_menu_typo_font_size_unit":"px","ocean_menu_typo_font_weight":"","ocean_menu_typo_font_weight_tablet":"","ocean_menu_typo_font_weight_mobile":"","ocean_menu_typo_transform":"","ocean_menu_typo_transform_tablet":"","ocean_menu_typo_transform_mobile":"","ocean_menu_typo_line_height":0,"ocean_menu_typo_line_height_tablet":0,"ocean_menu_typo_line_height_mobile":0,"ocean_menu_typo_line_height_unit":"","ocean_menu_typo_spacing":0,"ocean_menu_typo_spacing_tablet":0,"ocean_menu_typo_spacing_mobile":0,"ocean_menu_typo_spacing_unit":"","ocean_menu_link_color":"","ocean_menu_link_color_hover":"","ocean_menu_link_color_active":"","ocean_menu_link_background":"","ocean_menu_link_hover_background":"","ocean_menu_link_active_background":"","ocean_menu_social_links_bg":"","ocean_menu_social_hover_links_bg":"","ocean_menu_social_links_color":"","ocean_menu_social_hover_links_color":"","ocean_disable_title":"default","ocean_disable_heading":"default","ocean_post_title":"","ocean_post_subheading":"","ocean_post_title_style":"","ocean_post_title_background_color":"","ocean_post_title_background":0,"ocean_post_title_bg_image_position":"","ocean_post_title_bg_image_attachment":"","ocean_post_title_bg_image_repeat":"","ocean_post_title_bg_image_size":"","ocean_post_title_height":0,"ocean_post_title_bg_overlay":0.5,"ocean_post_title_bg_overlay_color":"","ocean_disable_breadcrumbs":"default","ocean_breadcrumbs_color":"","ocean_breadcrumbs_separator_color":"","ocean_breadcrumbs_links_color":"","ocean_breadcrumbs_links_hover_color":"","ocean_display_footer_widgets":"default","ocean_display_footer_bottom":"default","ocean_custom_footer_template":""},"product_brand":[],"product_cat":[761],"product_tag":[768,783],"class_list":{"0":"post-16005","1":"product","2":"type-product","3":"status-publish","4":"has-post-thumbnail","6":"product_cat-open-motor-boats","7":"product_tag-4-to-5-m","8":"product_tag-lug-sail","10":"entry","11":"has-media","13":"first","14":"instock","15":"taxable","16":"shipping-taxable","17":"purchasable","18":"product-type-simple","19":"col","20":"span_1_of_4","21":"owp-content-center","22":"item-entry","23":"owp-thumbs-layout-horizontal","24":"owp-btn-big","25":"owp-tabs-layout-section","26":"has-no-thumbnails"},"jetpack_sharing_enabled":true,"_links":{"self":[{"href":"https:\/\/www.vivierboats.com\/en\/wp-json\/wp\/v2\/product\/16005","targetHints":{"allow":["GET"]}}],"collection":[{"href":"https:\/\/www.vivierboats.com\/en\/wp-json\/wp\/v2\/product"}],"about":[{"href":"https:\/\/www.vivierboats.com\/en\/wp-json\/wp\/v2\/types\/product"}],"replies":[{"embeddable":true,"href":"https:\/\/www.vivierboats.com\/en\/wp-json\/wp\/v2\/comments?post=16005"}],"version-history":[{"count":0,"href":"https:\/\/www.vivierboats.com\/en\/wp-json\/wp\/v2\/product\/16005\/revisions"}],"wp:featuredmedia":[{"embeddable":true,"href":"https:\/\/www.vivierboats.com\/en\/wp-json\/wp\/v2\/media\/4640"}],"wp:attachment":[{"href":"https:\/\/www.vivierboats.com\/en\/wp-json\/wp\/v2\/media?parent=16005"}],"wp:term":[{"taxonomy":"product_brand","embeddable":true,"href":"https:\/\/www.vivierboats.com\/en\/wp-json\/wp\/v2\/product_brand?post=16005"},{"taxonomy":"product_cat","embeddable":true,"href":"https:\/\/www.vivierboats.com\/en\/wp-json\/wp\/v2\/product_cat?post=16005"},{"taxonomy":"product_tag","embeddable":true,"href":"https:\/\/www.vivierboats.com\/en\/wp-json\/wp\/v2\/product_tag?post=16005"}],"curies":[{"name":"wp","href":"https:\/\/api.w.org\/{rel}","templated":true}]}}