
{"id":15981,"date":"2013-01-01T16:15:08","date_gmt":"2013-01-01T15:15:08","guid":{"rendered":"http:\/\/www.vivierboats.com\/product\/elorn-2\/"},"modified":"2025-04-10T08:21:17","modified_gmt":"2025-04-10T07:21:17","slug":"elorn","status":"publish","type":"product","link":"https:\/\/www.vivierboats.com\/en\/product\/elorn\/","title":{"rendered":"Elorn"},"content":{"rendered":"<h2>Double-ender sail and oar dinghy, plywood clinker built<\/h2>\n<style>\r\ntable#t80 {\r\n    border-collapse: collapse;\r\n\tborder-width: 0px;\r\n\tborder-style: outset;\r\n\tline-height: 2.0em;\r\n    text-align: right;\r\n    vertical-align: top;width: 100%;border-top: 1px solid #CCCCCC;\r\n\t\r\n}\r\ntable#t80 thead tr {\r\n\r\n}\r\ntable#t80 thead tr th.t80 {\r\ncolor: #000000;\r\nbackground: #FFFFFF;\r\nbackground: -moz-linear-gradient(top,  #FFFFFF 0%, #EEEEEE 100%);\r\nbackground: -webkit-gradient(linear, left top, left bottom, color-stop(0%,#FFFFFF), color-stop(100%,#EEEEEE)); \r\nbackground: -webkit-linear-gradient(top,  #FFFFFF 0%,#EEEEEE 100%);\r\nbackground: -o-linear-gradient(top,  #FFFFFF 0%,#EEEEEE 100%);\r\nbackground: -ms-linear-gradient(top,  #FFFFFF 0%,#EEEEEE 100%);\r\nbackground: linear-gradient(to bottom,  #FFFFFF 0%,#EEEEEE 100%);\r\nfilter: progid:DXImageTransform.Microsoft.gradient( startColorstr=\"#FFFFFF\", endColorstr=\"#EEEEEE\",GradientType=0 );\r\nfont-size: 1.5em;\r\nletter-spacing: 0;\r\nline-height: 2.0;\r\npadding: 4px;\r\ntext-transform: none;\r\ntext-align: center;border-bottom: 1px solid #CCCCCC;\r\n}\r\n\r\ntable#t80 thead tr th#t80.start {\r\n\r\n}\r\ntable#t80 thead tr th#t80.end {\r\n\r\n}\r\ntable#t80 tbody tr {\r\n    background: none repeat scroll 0 0 #FFFFFF;\r\n}\r\ntable#t80 tbody tr.table-alternate {\r\n    background: none repeat scroll 0 0 #FCFCFC;\r\n}\r\ntable#t80 tbody tr td {\r\n\tcolor: #000000;\r\n    padding: 5px;\r\n\tborder-width: 0px;\r\n\tline-height: 1.2;\r\n\tfont-size: 1.0em;\r\n\tborder-top: medium none;padding: 3px;border-bottom: 1px solid #CCCCCC;\r\n    text-align: right;\r\n\tvertical-align: middle;\r\n}\r\ntable#t80 tbody tr td#n1 {\r\n\twidth: 25%;\r\n\t}table#t80 tbody tr td#n2 {\r\n\twidth: 15%;\r\n\t}table#t80 tbody tr td#n3 {\r\n\twidth: 10%;\r\n\t}table#t80 tbody tr td#n4 {\r\n\twidth: 25%;\r\n\t}table#t80 tbody tr td#n5 {\r\n\twidth: 15%;\r\n\t}table#t80 tbody tr td#n6 {\r\n\twidth: 5%;\r\n\t}\r\ntable#t80 tbody tr:hover td {background: none repeat scroll 0 0 #EEEEEE;\r\n}\r\ntable#t80 tfoot tr {\r\n}\r\n\r\ntable#t80 tfoot tr td {\r\ncolor: #000000;\r\nbackground: #FFFFFF;\r\nbackground: -moz-linear-gradient(top,  #FFFFFF 0%, #EEEEEE 100%);\r\nbackground: -webkit-gradient(linear, left top, left bottom, color-stop(0%,#FFFFFF), color-stop(100%,#EEEEEE)); \r\nbackground: -webkit-linear-gradient(top,  #FFFFFF 0%,#EEEEEE 100%);\r\nbackground: -o-linear-gradient(top,  #FFFFFF 0%,#EEEEEE 100%);\r\nbackground: -ms-linear-gradient(top,  #FFFFFF 0%,#EEEEEE 100%);\r\nbackground: linear-gradient(to bottom,  #FFFFFF 0%,#EEEEEE 100%);\r\nfilter: progid:DXImageTransform.Microsoft.gradient( startColorstr=\"#FFFFFF\", endColorstr=\"#EEEEEE\",GradientType=0 );\r\npadding: 4px;\r\nborder-width: 0px;\r\nfont-size: 1.0em;\r\nborder-top: medium none;\r\ntext-align: center;\r\n}\r\n<\/style><table id=\"t80\">\r\n\t<tbody><tr class=\"table-alternate row1\"> <td id=\"n1\" class=\"start\"><a href=\"http:\/\/www.vivierboats.com\/en-savoir-plus\/caracteristiques-techniques\/#longueur\" target=\"_blank\">Long. coque<\/a> \/ flottaison<\/td><td id=\"n2\" >4.87 \/ 4.45 m<\/td><td id=\"n3\" ><\/td><td id=\"n4\" >Voilure<\/td><td id=\"n5\" >6.6 m\u00b2<\/td><td id=\"n6\" ><\/td><\/tr><tr class= \"table-noalt row2\"><td id=\"n1\" class=\"start\"><a href=\"http:\/\/www.vivierboats.com\/en-savoir-plus\/caracteristiques-techniques\/#largeur\" target=\"_blank\">Largeur hors bord\u00e9<\/a> \/ flottaison<\/td><td id=\"n2\" >1.37 \/ 1.11 m\r\n<\/td><td id=\"n3\" ><\/td><td id=\"n4\" >Moteur hors-bord<\/td><td id=\"n5\" >Non<\/td><td id=\"n6\" ><\/td><\/tr><tr class=\"table-alternate row3\"> <td id=\"n1\" class=\"start\">Tirant d\u2019eau<\/td><td id=\"n2\" >0.19 \/ 0.75 m<\/td><td id=\"n3\" ><\/td><td id=\"n4\" ><a href=\"http:\/\/www.vivierboats.com\/en-savoir-plus\/caracteristiques-techniques\/#categorie\" target=\"_blank\">Cat\u00e9gorie et \u00e9quipage<\/a><\/td><td id=\"n5\" >C3<\/td><td id=\"n6\" ><\/td><\/tr><tr class= \"table-noalt row4\"><td id=\"n1\" class=\"start\"><a href=\"http:\/\/www.vivierboats.com\/en-savoir-plus\/caracteristiques-techniques\/#poids\" target=\"_blank\">Poids l\u00e8ge<\/a><\/td><td id=\"n2\" >160 kg<\/td><td id=\"n3\" ><\/td><td id=\"n4\" ><a href=\"http:\/\/www.vivierboats.com\/en-savoir-plus\/caracteristiques-techniques\/#temps\" target=\"_blank\">Temps construction avec kit<\/a><\/td><td id=\"n5\" >380 heures<\/td><td id=\"n6\" ><\/td><\/tr><\/tbody><\/table><div class=\"su-spacer\" style=\"height:10px\"><\/div>\n<a href=\"http:\/\/www.vivierboats.com\/wp-content\/uploads\/bsk-pdf-manager\/68_ELORN-FR.PDF\" class=\"su-button su-button-style-flat\" style=\"color:#FFFFFF;background-color:#A30202;border-color:#830202;border-radius:5px\" target=\"_blank\" rel=\"noopener noreferrer\"><span style=\"color:#FFFFFF;padding:0px 18px;font-size:14px;line-height:28px;border-color:#bf4e4e;border-radius:5px;text-shadow:none\"> See photo albumDrawing<\/span><\/a> <a href=\"http:\/\/www.vivierboats.com\/albumsfr\/Voile-Aviron\/elorn\/index.html\" class=\"su-button su-button-style-flat\" style=\"color:#FFFFFF;background-color:#A30202;border-color:#830202;border-radius:5px\" target=\"_blank\" rel=\"noopener noreferrer\"><span style=\"color:#FFFFFF;padding:0px 18px;font-size:14px;line-height:28px;border-color:#bf4e4e;border-radius:5px;text-shadow:none\"> Voir albums photos<\/span><\/a><div class=\"su-spacer\" style=\"height:10px\"><\/div>\nElorn is a boat designed to prioritise rowing ability, which is really very pleasant. It is the sail and oar dinghy to choose by those who want a very versatile boat.<br \/>\nElorn is inspired by the Norwegian faerings, as well as the American peopods which it has kept the \u201camphidromous\u201d character: the boat is symmetrical and can go in one direction or the other. When under oars, it is possible, whatever the crew (1 to 3) and the number of rowers (1 to 2), to always find a position where the boat is in an even trim and, therefore, with the best performances and seaworthiness.<br \/>\nThe oars, inspired by Irish curraghs and improved over the years, make rowing at sea particularly easy, allowing to consider a long course at nearly 4 knots.<br \/>\nSeveral rigs are possible, based on lug or sprit, with or without jib. A dagger-board gives a good upwind ability.<br \/>\nThe hull is clinker planked with 6 mm plywood and is light, making it a seaworthy dinghy. Elorn may also be built as a rowing boat only, without a daggerboard, rudder, and rig.<\/p>\n","protected":false},"excerpt":{"rendered":"<div class=\"su-spoiler su-spoiler-style-fancy su-spoiler-icon-plus su-spoiler-closed\" data-scroll-offset=\"0\" data-anchor-in-url=\"no\"><div class=\"su-spoiler-title\" tabindex=\"0\" role=\"button\"><span class=\"su-spoiler-icon\"><\/span>Help with ordering<\/div><div class=\"su-spoiler-content su-u-clearfix su-u-trim\"><div class=\"su-list\" style=\"margin-left:0px\"><\/p>\n<ul>\n<li><i class=\"sui sui-check\" style=\"color:#333\"><\/i> Le <a href=\"http:\/\/www.vivierboats.com\/en-savoir-plus\/plans-traces-et-kit\/evaluation\/\" target=\"_blank\" rel=\"noopener\">dossier d&#8217;\u00e9valuation<\/a> est un extrait du plan pour en savoir plus avant achat. Donc inutile d&#8217;acheter plan et dossier d&#8217;\u00e9valuation.<\/li>\n<li><i class=\"sui sui-check\" style=\"color:#333\"><\/i> Le plan, ou <a href=\"http:\/\/www.vivierboats.com\/en-savoir-plus\/plans-traces-et-kit\/les-plans\/\" target=\"_blank\" rel=\"noopener\">dossier de construction<\/a>, est le document de base pour construire le bateau. Il inclut une assistance par email ou t\u00e9l\u00e9phone.<\/li>\n<li><i class=\"sui sui-check\" style=\"color:#333\"><\/i> Attention : pour construire ce bateau, il vous faut acqu\u00e9rir aussi les <a href=\"http:\/\/www.vivierboats.com\/en-savoir-plus\/plans-traces-et-kit\/les-traces\/\" target=\"_blank\" rel=\"noopener\">trac\u00e9s vraie grandeur<\/a> ou <a href=\"http:\/\/www.vivierboats.com\/en-savoir-plus\/plans-traces-et-kit\/les-kits\/\" target=\"_blank\" rel=\"noopener\">un kit de contreplaqu\u00e9 en d\u00e9coupe num\u00e9rique<\/a>.<\/li>\n<li><i class=\"sui sui-check\" style=\"color:#333\"><\/i> Vous pouvez aussi commander des <a href=\"http:\/\/www.vivierboats.com\/en-savoir-plus\/plans-traces-et-kit\/les-fichiers-de-decoupe\/\" target=\"_blank\" rel=\"noopener\">fichiers de d\u00e9coupe num\u00e9rique<\/a> et faire d\u00e9couper le kit par une entreprise de votre choix.<\/li>\n<li><i class=\"sui sui-check\" style=\"color:#333\"><\/i> If you order the patterns or the cutting files, first \u201cadd to cart\u201d the building plan, and then come back to order the patterns.<\/li>\n<li><i class=\"sui sui-check\" style=\"color:#333\"><\/i> Pour commander un <a href=\"http:\/\/www.vivierboats.com\/en-savoir-plus\/plans-traces-et-kit\/les-kits\/\" target=\"_blank\" rel=\"noopener\">kit<\/a>, s&#8217;adresser \u00e0 l&#8217;un de mes <a href=\"http:\/\/www.vivierboats.com\/mes-partenaires\/\" target=\"_blank\" rel=\"noopener\">partenaires<\/a>.<\/li>\n<li><i class=\"sui sui-check\" style=\"color:#333\"><\/i> Postage and VAT, if applicable, are included in the shown prices.<\/li>\n<\/ul>\n<p><\/div><\/div><\/div>\n","protected":false},"featured_media":4609,"comment_status":"open","ping_status":"closed","template":"","meta":{"ocean_post_layout":"","ocean_both_sidebars_style":"","ocean_both_sidebars_content_width":0,"ocean_both_sidebars_sidebars_width":0,"ocean_sidebar":"0","ocean_second_sidebar":"0","ocean_disable_margins":"enable","ocean_add_body_class":"","ocean_shortcode_before_top_bar":"","ocean_shortcode_after_top_bar":"","ocean_shortcode_before_header":"","ocean_shortcode_after_header":"","ocean_has_shortcode":"","ocean_shortcode_after_title":"","ocean_shortcode_before_footer_widgets":"","ocean_shortcode_after_footer_widgets":"","ocean_shortcode_before_footer_bottom":"","ocean_shortcode_after_footer_bottom":"","ocean_display_top_bar":"default","ocean_display_header":"default","ocean_header_style":"","ocean_center_header_left_menu":"0","ocean_custom_header_template":"0","ocean_custom_logo":0,"ocean_custom_retina_logo":0,"ocean_custom_logo_max_width":0,"ocean_custom_logo_tablet_max_width":0,"ocean_custom_logo_mobile_max_width":0,"ocean_custom_logo_max_height":0,"ocean_custom_logo_tablet_max_height":0,"ocean_custom_logo_mobile_max_height":0,"ocean_header_custom_menu":"0","ocean_menu_typo_font_family":"0","ocean_menu_typo_font_subset":"","ocean_menu_typo_font_size":0,"ocean_menu_typo_font_size_tablet":0,"ocean_menu_typo_font_size_mobile":0,"ocean_menu_typo_font_size_unit":"px","ocean_menu_typo_font_weight":"","ocean_menu_typo_font_weight_tablet":"","ocean_menu_typo_font_weight_mobile":"","ocean_menu_typo_transform":"","ocean_menu_typo_transform_tablet":"","ocean_menu_typo_transform_mobile":"","ocean_menu_typo_line_height":0,"ocean_menu_typo_line_height_tablet":0,"ocean_menu_typo_line_height_mobile":0,"ocean_menu_typo_line_height_unit":"","ocean_menu_typo_spacing":0,"ocean_menu_typo_spacing_tablet":0,"ocean_menu_typo_spacing_mobile":0,"ocean_menu_typo_spacing_unit":"","ocean_menu_link_color":"","ocean_menu_link_color_hover":"","ocean_menu_link_color_active":"","ocean_menu_link_background":"","ocean_menu_link_hover_background":"","ocean_menu_link_active_background":"","ocean_menu_social_links_bg":"","ocean_menu_social_hover_links_bg":"","ocean_menu_social_links_color":"","ocean_menu_social_hover_links_color":"","ocean_disable_title":"default","ocean_disable_heading":"default","ocean_post_title":"","ocean_post_subheading":"","ocean_post_title_style":"","ocean_post_title_background_color":"","ocean_post_title_background":0,"ocean_post_title_bg_image_position":"","ocean_post_title_bg_image_attachment":"","ocean_post_title_bg_image_repeat":"","ocean_post_title_bg_image_size":"","ocean_post_title_height":0,"ocean_post_title_bg_overlay":0.5,"ocean_post_title_bg_overlay_color":"","ocean_disable_breadcrumbs":"default","ocean_breadcrumbs_color":"","ocean_breadcrumbs_separator_color":"","ocean_breadcrumbs_links_color":"","ocean_breadcrumbs_links_hover_color":"","ocean_display_footer_widgets":"default","ocean_display_footer_bottom":"default","ocean_custom_footer_template":"0"},"product_brand":[],"product_cat":[762,766],"product_tag":[768,783,782],"class_list":{"0":"post-15981","1":"product","2":"type-product","3":"status-publish","4":"has-post-thumbnail","6":"product_cat-rowing-boats","7":"product_cat-sail-and-oars-boats","8":"product_tag-4-to-5-m","9":"product_tag-lug-sail","10":"product_tag-sprit-sail","11":"pa_language-bilingual","12":"pa_language-english-en","13":"pa_language-french","14":"pa_paper-print-download-by-e-mail","15":"pa_paper-print-download-paper-print-en","16":"pa_paper-print-download-download-pdf-en","17":"pa_plan-type-cnc-cutting-files","18":"pa_plan-type-full-size-patterns","19":"pa_plan-type-building-plan","20":"pa_plan-type-study-plan","22":"entry","23":"has-media","25":"first","26":"instock","27":"taxable","28":"shipping-taxable","29":"product-type-grouped","30":"col","31":"span_1_of_4","32":"owp-content-center","33":"item-entry","34":"owp-thumbs-layout-horizontal","35":"owp-btn-big","36":"owp-tabs-layout-section","37":"has-no-thumbnails"},"jetpack_sharing_enabled":true,"_links":{"self":[{"href":"https:\/\/www.vivierboats.com\/en\/wp-json\/wp\/v2\/product\/15981","targetHints":{"allow":["GET"]}}],"collection":[{"href":"https:\/\/www.vivierboats.com\/en\/wp-json\/wp\/v2\/product"}],"about":[{"href":"https:\/\/www.vivierboats.com\/en\/wp-json\/wp\/v2\/types\/product"}],"replies":[{"embeddable":true,"href":"https:\/\/www.vivierboats.com\/en\/wp-json\/wp\/v2\/comments?post=15981"}],"version-history":[{"count":0,"href":"https:\/\/www.vivierboats.com\/en\/wp-json\/wp\/v2\/product\/15981\/revisions"}],"wp:featuredmedia":[{"embeddable":true,"href":"https:\/\/www.vivierboats.com\/en\/wp-json\/wp\/v2\/media\/4609"}],"wp:attachment":[{"href":"https:\/\/www.vivierboats.com\/en\/wp-json\/wp\/v2\/media?parent=15981"}],"wp:term":[{"taxonomy":"product_brand","embeddable":true,"href":"https:\/\/www.vivierboats.com\/en\/wp-json\/wp\/v2\/product_brand?post=15981"},{"taxonomy":"product_cat","embeddable":true,"href":"https:\/\/www.vivierboats.com\/en\/wp-json\/wp\/v2\/product_cat?post=15981"},{"taxonomy":"product_tag","embeddable":true,"href":"https:\/\/www.vivierboats.com\/en\/wp-json\/wp\/v2\/product_tag?post=15981"}],"curies":[{"name":"wp","href":"https:\/\/api.w.org\/{rel}","templated":true}]}}