
{"id":23086,"date":"2017-03-05T15:38:38","date_gmt":"2017-03-05T14:38:38","guid":{"rendered":"http:\/\/www.vivierboats.com\/en\/product\/koulmig-20-runabout\/"},"modified":"2020-10-07T09:41:42","modified_gmt":"2020-10-07T08:41:42","slug":"koulmig-20-runabout","status":"publish","type":"product","link":"http:\/\/www.vivierboats.com\/en\/product\/koulmig-20-runabout\/","title":{"rendered":"Koulmig 20 runabout"},"content":{"rendered":"<h2>Open semi-planing motor boat, 5.9 m long<\/h2>\n<style>\r\ntable#t141 {\r\n    border-collapse: collapse;\r\n\tborder-width: 0px;\r\n\tborder-style: outset;\r\n\tline-height: 2.0em;\r\n    text-align: right;\r\n    vertical-align: top;width: 100%;border-top: 1px solid #CCCCCC;\r\n\t\r\n}\r\ntable#t141 thead tr {\r\n\r\n}\r\ntable#t141 thead tr th.t141 {\r\ncolor: #000000;\r\nbackground: #FFFFFF;\r\nbackground: -moz-linear-gradient(top,  #FFFFFF 0%, #EEEEEE 100%);\r\nbackground: -webkit-gradient(linear, left top, left bottom, color-stop(0%,#FFFFFF), color-stop(100%,#EEEEEE)); \r\nbackground: -webkit-linear-gradient(top,  #FFFFFF 0%,#EEEEEE 100%);\r\nbackground: -o-linear-gradient(top,  #FFFFFF 0%,#EEEEEE 100%);\r\nbackground: -ms-linear-gradient(top,  #FFFFFF 0%,#EEEEEE 100%);\r\nbackground: linear-gradient(to bottom,  #FFFFFF 0%,#EEEEEE 100%);\r\nfilter: progid:DXImageTransform.Microsoft.gradient( startColorstr=\"#FFFFFF\", endColorstr=\"#EEEEEE\",GradientType=0 );\r\nfont-size: 1.5em;\r\nletter-spacing: 0;\r\nline-height: 2.0;\r\npadding: 4px;\r\ntext-transform: none;\r\ntext-align: center;border-bottom: 1px solid #CCCCCC;\r\n}\r\n\r\ntable#t141 thead tr th#t141.start {\r\n\r\n}\r\ntable#t141 thead tr th#t141.end {\r\n\r\n}\r\ntable#t141 tbody tr {\r\n    background: none repeat scroll 0 0 #FFFFFF;\r\n}\r\ntable#t141 tbody tr.table-alternate {\r\n    background: none repeat scroll 0 0 #FCFCFC;\r\n}\r\ntable#t141 tbody tr td {\r\n\tcolor: #000000;\r\n    padding: 5px;\r\n\tborder-width: 0px;\r\n\tline-height: 1.2;\r\n\tfont-size: 1.0em;\r\n\tborder-top: medium none;padding: 3px;border-bottom: 1px solid #CCCCCC;\r\n    text-align: right;\r\n\tvertical-align: middle;\r\n}\r\ntable#t141 tbody tr td#n1 {\r\n\twidth: 25%;\r\n\t}table#t141 tbody tr td#n2 {\r\n\twidth: 15%;\r\n\t}table#t141 tbody tr td#n3 {\r\n\twidth: 10%;\r\n\t}table#t141 tbody tr td#n4 {\r\n\twidth: 25%;\r\n\t}table#t141 tbody tr td#n5 {\r\n\twidth: 15%;\r\n\t}table#t141 tbody tr td#n6 {\r\n\twidth: 5%;\r\n\t}\r\ntable#t141 tbody tr:hover td {background: none repeat scroll 0 0 #EEEEEE;\r\n}\r\ntable#t141 tfoot tr {\r\n}\r\n\r\ntable#t141 tfoot tr td {\r\ncolor: #000000;\r\nbackground: #FFFFFF;\r\nbackground: -moz-linear-gradient(top,  #FFFFFF 0%, #EEEEEE 100%);\r\nbackground: -webkit-gradient(linear, left top, left bottom, color-stop(0%,#FFFFFF), color-stop(100%,#EEEEEE)); \r\nbackground: -webkit-linear-gradient(top,  #FFFFFF 0%,#EEEEEE 100%);\r\nbackground: -o-linear-gradient(top,  #FFFFFF 0%,#EEEEEE 100%);\r\nbackground: -ms-linear-gradient(top,  #FFFFFF 0%,#EEEEEE 100%);\r\nbackground: linear-gradient(to bottom,  #FFFFFF 0%,#EEEEEE 100%);\r\nfilter: progid:DXImageTransform.Microsoft.gradient( startColorstr=\"#FFFFFF\", endColorstr=\"#EEEEEE\",GradientType=0 );\r\npadding: 4px;\r\nborder-width: 0px;\r\nfont-size: 1.0em;\r\nborder-top: medium none;\r\ntext-align: center;\r\n}\r\n<\/style><table id=\"t141\">\r\n\t<tbody><tr class=\"table-alternate row1\"> <td id=\"n1\" class=\"start\"><a href=\"http:\/\/www.vivierboats.com\/en-savoir-plus\/caracteristiques-techniques\/#longueur\" target=\"_blank\">Long. coque<\/a> \/ flottaison<\/td><td id=\"n2\" >5.90 \/ 5.45 m<\/td><td id=\"n3\" ><\/td><td id=\"n4\" >Voilure<\/td><td id=\"n5\" >N\/A<\/td><td id=\"n6\" ><\/td><\/tr><tr class= \"table-noalt row2\"><td id=\"n1\" class=\"start\"><a href=\"http:\/\/www.vivierboats.com\/en-savoir-plus\/caracteristiques-techniques\/#largeur\" target=\"_blank\">Largeur hors bord\u00e9<\/a> \/ flottaison<\/td><td id=\"n2\" >2.20 \/ 1.76 m\r\n<\/td><td id=\"n3\" ><\/td><td id=\"n4\" >Moteur hors-bord<\/td><td id=\"n5\" >10 \u00e0 50 ch<\/td><td id=\"n6\" ><\/td><\/tr><tr class=\"table-alternate row3\"> <td id=\"n1\" class=\"start\">Tirant d\u2019eau<\/td><td id=\"n2\" >0.38 m<\/td><td id=\"n3\" ><\/td><td id=\"n4\" ><a href=\"http:\/\/www.vivierboats.com\/en-savoir-plus\/caracteristiques-techniques\/#categorie\" target=\"_blank\">Cat\u00e9gorie et \u00e9quipage<\/a><\/td><td id=\"n5\" >C7<\/td><td id=\"n6\" ><\/td><\/tr><tr class= \"table-noalt row4\"><td id=\"n1\" class=\"start\"><a href=\"http:\/\/www.vivierboats.com\/en-savoir-plus\/caracteristiques-techniques\/#poids\" target=\"_blank\">Poids l\u00e8ge<\/a> sans \/ avec moteur<\/td><td id=\"n2\" >550 \/ 700 kg<\/td><td id=\"n3\" ><\/td><td id=\"n4\" ><a href=\"http:\/\/www.vivierboats.com\/en-savoir-plus\/caracteristiques-techniques\/#temps\" target=\"_blank\">Temps construction avec kit<\/a><\/td><td id=\"n5\" >500 heures<\/td><td id=\"n6\" ><\/td><\/tr><\/tbody><\/table><div class=\"su-spacer\" style=\"height:10px\"><\/div>\n<a href=\"http:\/\/www.vivierboats.com\/wp-content\/uploads\/bsk-pdf-manager\/2017-03-05_131.pdf\" class=\"su-button su-button-style-flat\" style=\"color:#FFFFFF;background-color:#A30202;border-color:#830202;border-radius:5px\" target=\"_blank\" rel=\"noopener noreferrer\"><span style=\"color:#FFFFFF;padding:0px 18px;font-size:14px;line-height:28px;border-color:#bf4e4e;border-radius:5px;text-shadow:none\"> Drawing<\/span><\/a><div class=\"su-spacer\" style=\"height:10px\"><\/div>\n<div class=\"su-note\"  style=\"border-color:#cdcdcd;border-radius:5px;-moz-border-radius:5px;-webkit-border-radius:5px;\"><div class=\"su-note-inner su-u-clearfix su-u-trim\" style=\"background-color:#e7e7e7;border-color:#ffffff;color:#333333;border-radius:5px;-moz-border-radius:5px;-webkit-border-radius:5px;\">Plan also available in German<\/div><\/div>\n<div class=\"su-spacer\" style=\"height:10px\"><\/div>\nKoulmig 20 runabout a pour objet d&#8217;apporter une alternative aux bateaux \u00e0 moteur qui dominent le march\u00e9 aujourd&#8217;hui. Il s&#8217;en distingue par de nombreux aspects :<\/p>\n<ul>\n<li>Silhouette classique et chaleureuse, s&#8217;int\u00e8grant mieux \u00e0 l&#8217;environnement marin.<\/li>\n<li>Conception et construction simple, accessible tant \u00e0 la construction professionnelle qu&#8217;amateur. La construction est en contreplaqu\u00e9 stratifi\u00e9, cumulant les avantages du bois (l\u00e9g\u00e8ret\u00e9) et de l&#8217;\u00e9poxy (entretien).<\/li>\n<li>Forme semi-planante, assurant un bon passage dans la mer avec aussi la possibilit\u00e9 de naviguer en rivi\u00e8re avec un sillage minimal. Koulmig est con\u00e7u peut recevoir un moteur hors-bord de puissance faible (10 ch) \u00e0 mod\u00e9r\u00e9e (50 ch), donnant alors une vitesse de l&#8217;ordre de 14 noeuds et assurant une consommation minimale de carburant.<\/li>\n<li>Cockpit autovideur avec zone pleine largeur pour la p\u00eache. Les si\u00e8ges sont rapport\u00e9s et l&#8217;am\u00e9nagement du cockpit est facilement personnalisable.<\/li>\n<li>Baille \u00e0 mouillage \u00e0 l&#8217;avant, grands espaces de rangement.<\/li>\n<li>Enfin le bateau est transportable sur remorque. Il peut donc se passer de place de port. La mise \u00e0 l&#8217;eau est tr\u00e8s facile.<\/li>\n<\/ul>\n<p>Noter qu&#8217;il existe une version \u00ab\u00a0cabine\u00a0\u00bb de Koulmig, avec couchage pour deux (convertible en couchette double), wc chimique, coin cuisine et table de carr\u00e9, permettant de passer quelques nuits \u00e0 bord.<\/p>\n","protected":false},"excerpt":{"rendered":"<div class=\"su-spoiler su-spoiler-style-fancy su-spoiler-icon-plus su-spoiler-closed\" data-scroll-offset=\"0\" data-anchor-in-url=\"no\"><div class=\"su-spoiler-title\" tabindex=\"0\" role=\"button\"><span class=\"su-spoiler-icon\"><\/span>Help with ordering<\/div><div class=\"su-spoiler-content su-u-clearfix su-u-trim\"><div class=\"su-list\" style=\"margin-left:0px\"><\/p>\n<ul>\n<li><i class=\"sui sui-check\" style=\"color:#333\"><\/i> <a href=\"http:\/\/www.vivierboats.com\/en\/learn-more\/plans-patterns-and-kits\/study-plans\/\" target=\"_blank\" rel=\"noopener\">Study plans<\/a> are extracts from the plans allowing the buyer to have a more precise knowledge of the\u00a0plan content.\u00a0If you are ordering the building plan, you do not need to order the study plan.<\/li>\n<li><i class=\"sui sui-check\" style=\"color:#333\"><\/i> The\u00a0<a href=\"http:\/\/www.vivierboats.com\/en\/learn-more\/plans-patterns-and-kits\/boats-plans\/\" target=\"_blank\" rel=\"noopener\">Building plan<\/a>\u00a0is the basic document to build the\u00a0boat. It includes\u00a0a free telephone or e-mail assistance.<\/li>\n<li><i class=\"sui sui-check\" style=\"color:#333\"><\/i> Attention: this boat may be built only with <a href=\"http:\/\/http\/\/www.vivierboats.com\/en\/learn-more\/plans-patterns-and-kits\/boats-kits\/\" target=\"_blank\" rel=\"noopener\">a numerically cut plywood kit<\/a> or with <a href=\"http:\/\/http\/\/www.vivierboats.com\/en\/learn-more\/plans-patterns-and-kits\/full-size-patterns\/\" target=\"_blank\" rel=\"noopener\">full size patterns<\/a>\u00a0provided by\u00a0one of my <a href=\"http:\/\/www.vivierboats.com\/en\/partners\/\" target=\"_blank\" rel=\"noopener\">partners<\/a>.<\/li>\n<li><i class=\"sui sui-check\" style=\"color:#333\"><\/i> If you order the patterns, first &#8220;add to cart&#8221; the building plan, and then come back to order the patterns.<\/li>\n<li><i class=\"sui sui-check\" style=\"color:#333\"><\/i> This plan is presentlyavailable in French only. If you would like to order an English version, please <a href=\"http:\/\/http:\/\/www.vivierboats.com\/en\/contact-en\/\">get in touch with the architect<\/a>.<\/li>\n<\/ul>\n<p><\/div><\/div><\/div>\n","protected":false},"featured_media":28850,"comment_status":"open","ping_status":"closed","template":"","meta":{"ocean_post_layout":"","ocean_both_sidebars_style":"","ocean_both_sidebars_content_width":0,"ocean_both_sidebars_sidebars_width":0,"ocean_sidebar":"","ocean_second_sidebar":"","ocean_disable_margins":"enable","ocean_add_body_class":"","ocean_shortcode_before_top_bar":"","ocean_shortcode_after_top_bar":"","ocean_shortcode_before_header":"","ocean_shortcode_after_header":"","ocean_has_shortcode":"","ocean_shortcode_after_title":"","ocean_shortcode_before_footer_widgets":"","ocean_shortcode_after_footer_widgets":"","ocean_shortcode_before_footer_bottom":"","ocean_shortcode_after_footer_bottom":"","ocean_display_top_bar":"default","ocean_display_header":"default","ocean_header_style":"","ocean_center_header_left_menu":"","ocean_custom_header_template":"","ocean_custom_logo":0,"ocean_custom_retina_logo":0,"ocean_custom_logo_max_width":0,"ocean_custom_logo_tablet_max_width":0,"ocean_custom_logo_mobile_max_width":0,"ocean_custom_logo_max_height":0,"ocean_custom_logo_tablet_max_height":0,"ocean_custom_logo_mobile_max_height":0,"ocean_header_custom_menu":"","ocean_menu_typo_font_family":"","ocean_menu_typo_font_subset":"","ocean_menu_typo_font_size":0,"ocean_menu_typo_font_size_tablet":0,"ocean_menu_typo_font_size_mobile":0,"ocean_menu_typo_font_size_unit":"px","ocean_menu_typo_font_weight":"","ocean_menu_typo_font_weight_tablet":"","ocean_menu_typo_font_weight_mobile":"","ocean_menu_typo_transform":"","ocean_menu_typo_transform_tablet":"","ocean_menu_typo_transform_mobile":"","ocean_menu_typo_line_height":0,"ocean_menu_typo_line_height_tablet":0,"ocean_menu_typo_line_height_mobile":0,"ocean_menu_typo_line_height_unit":"","ocean_menu_typo_spacing":0,"ocean_menu_typo_spacing_tablet":0,"ocean_menu_typo_spacing_mobile":0,"ocean_menu_typo_spacing_unit":"","ocean_menu_link_color":"","ocean_menu_link_color_hover":"","ocean_menu_link_color_active":"","ocean_menu_link_background":"","ocean_menu_link_hover_background":"","ocean_menu_link_active_background":"","ocean_menu_social_links_bg":"","ocean_menu_social_hover_links_bg":"","ocean_menu_social_links_color":"","ocean_menu_social_hover_links_color":"","ocean_disable_title":"default","ocean_disable_heading":"default","ocean_post_title":"","ocean_post_subheading":"","ocean_post_title_style":"","ocean_post_title_background_color":"","ocean_post_title_background":0,"ocean_post_title_bg_image_position":"","ocean_post_title_bg_image_attachment":"","ocean_post_title_bg_image_repeat":"","ocean_post_title_bg_image_size":"","ocean_post_title_height":0,"ocean_post_title_bg_overlay":0.5,"ocean_post_title_bg_overlay_color":"","ocean_disable_breadcrumbs":"default","ocean_breadcrumbs_color":"","ocean_breadcrumbs_separator_color":"","ocean_breadcrumbs_links_color":"","ocean_breadcrumbs_links_hover_color":"","ocean_display_footer_widgets":"default","ocean_display_footer_bottom":"default","ocean_custom_footer_template":""},"product_brand":[],"product_cat":[911,761],"product_tag":[769],"class_list":{"0":"post-23086","1":"product","2":"type-product","3":"status-publish","4":"has-post-thumbnail","6":"product_cat-motor-boats","7":"product_cat-open-motor-boats","8":"product_tag-5-to-6-m","9":"pa_language-bilingual","10":"pa_language-english-en","11":"pa_language-french","12":"pa_paper-print-download-by-e-mail","13":"pa_paper-print-download-paper-print-en","14":"pa_paper-print-download-download-pdf-en","15":"pa_plan-type-cnc-cutting-files","16":"pa_plan-type-full-size-patterns","17":"pa_plan-type-building-plan","18":"pa_plan-type-study-plan","20":"entry","21":"has-media","23":"first","24":"instock","25":"taxable","26":"shipping-taxable","27":"product-type-grouped","28":"col","29":"span_1_of_4","30":"owp-content-center","31":"item-entry","32":"owp-thumbs-layout-horizontal","33":"owp-btn-big","34":"owp-tabs-layout-section","35":"has-no-thumbnails"},"jetpack_sharing_enabled":true,"_links":{"self":[{"href":"http:\/\/www.vivierboats.com\/en\/wp-json\/wp\/v2\/product\/23086","targetHints":{"allow":["GET"]}}],"collection":[{"href":"http:\/\/www.vivierboats.com\/en\/wp-json\/wp\/v2\/product"}],"about":[{"href":"http:\/\/www.vivierboats.com\/en\/wp-json\/wp\/v2\/types\/product"}],"replies":[{"embeddable":true,"href":"http:\/\/www.vivierboats.com\/en\/wp-json\/wp\/v2\/comments?post=23086"}],"version-history":[{"count":0,"href":"http:\/\/www.vivierboats.com\/en\/wp-json\/wp\/v2\/product\/23086\/revisions"}],"wp:featuredmedia":[{"embeddable":true,"href":"http:\/\/www.vivierboats.com\/en\/wp-json\/wp\/v2\/media\/28850"}],"wp:attachment":[{"href":"http:\/\/www.vivierboats.com\/en\/wp-json\/wp\/v2\/media?parent=23086"}],"wp:term":[{"taxonomy":"product_brand","embeddable":true,"href":"http:\/\/www.vivierboats.com\/en\/wp-json\/wp\/v2\/product_brand?post=23086"},{"taxonomy":"product_cat","embeddable":true,"href":"http:\/\/www.vivierboats.com\/en\/wp-json\/wp\/v2\/product_cat?post=23086"},{"taxonomy":"product_tag","embeddable":true,"href":"http:\/\/www.vivierboats.com\/en\/wp-json\/wp\/v2\/product_tag?post=23086"}],"curies":[{"name":"wp","href":"https:\/\/api.w.org\/{rel}","templated":true}]}}