
{"id":15918,"date":"2013-01-05T17:11:23","date_gmt":"2013-01-05T16:11:23","guid":{"rendered":"http:\/\/www.vivierboats.com\/product\/koalen-26-2\/"},"modified":"2025-07-28T08:14:57","modified_gmt":"2025-07-28T07:14:57","slug":"koalen-26-2","status":"publish","type":"product","link":"http:\/\/www.vivierboats.com\/en\/product\/koalen-26-2\/","title":{"rendered":"Koalen 26"},"content":{"rendered":"<style>\r\ntable#t68 {\r\n    border-collapse: collapse;\r\n\tborder-width: 0px;\r\n\tborder-style: outset;\r\n\tline-height: 2.0em;\r\n    text-align: right;\r\n    vertical-align: top;width: 100%;border-top: 1px solid #CCCCCC;\r\n\t\r\n}\r\ntable#t68 thead tr {\r\n\r\n}\r\ntable#t68 thead tr th.t68 {\r\ncolor: #000000;\r\nbackground: #FFFFFF;\r\nbackground: -moz-linear-gradient(top,  #FFFFFF 0%, #EEEEEE 100%);\r\nbackground: -webkit-gradient(linear, left top, left bottom, color-stop(0%,#FFFFFF), color-stop(100%,#EEEEEE)); \r\nbackground: -webkit-linear-gradient(top,  #FFFFFF 0%,#EEEEEE 100%);\r\nbackground: -o-linear-gradient(top,  #FFFFFF 0%,#EEEEEE 100%);\r\nbackground: -ms-linear-gradient(top,  #FFFFFF 0%,#EEEEEE 100%);\r\nbackground: linear-gradient(to bottom,  #FFFFFF 0%,#EEEEEE 100%);\r\nfilter: progid:DXImageTransform.Microsoft.gradient( startColorstr=\"#FFFFFF\", endColorstr=\"#EEEEEE\",GradientType=0 );\r\nfont-size: 1.5em;\r\nletter-spacing: 0;\r\nline-height: 2.0;\r\npadding: 4px;\r\ntext-transform: none;\r\ntext-align: center;border-bottom: 1px solid #CCCCCC;\r\n}\r\n\r\ntable#t68 thead tr th#t68.start {\r\n\r\n}\r\ntable#t68 thead tr th#t68.end {\r\n\r\n}\r\ntable#t68 tbody tr {\r\n    background: none repeat scroll 0 0 #FFFFFF;\r\n}\r\ntable#t68 tbody tr.table-alternate {\r\n    background: none repeat scroll 0 0 #FCFCFC;\r\n}\r\ntable#t68 tbody tr td {\r\n\tcolor: #000000;\r\n    padding: 5px;\r\n\tborder-width: 0px;\r\n\tline-height: 1.2;\r\n\tfont-size: 1.0em;\r\n\tborder-top: medium none;padding: 3px;border-bottom: 1px solid #CCCCCC;\r\n    text-align: right;\r\n\tvertical-align: middle;\r\n}\r\ntable#t68 tbody tr td#n1 {\r\n\twidth: 25%;\r\n\t}table#t68 tbody tr td#n2 {\r\n\twidth: 15%;\r\n\t}table#t68 tbody tr td#n3 {\r\n\twidth: 10%;\r\n\t}table#t68 tbody tr td#n4 {\r\n\twidth: 25%;\r\n\t}table#t68 tbody tr td#n5 {\r\n\twidth: 15%;\r\n\t}table#t68 tbody tr td#n6 {\r\n\twidth: 5%;\r\n\t}\r\ntable#t68 tbody tr:hover td {background: none repeat scroll 0 0 #EEEEEE;\r\n}\r\ntable#t68 tfoot tr {\r\n}\r\n\r\ntable#t68 tfoot tr td {\r\ncolor: #000000;\r\nbackground: #FFFFFF;\r\nbackground: -moz-linear-gradient(top,  #FFFFFF 0%, #EEEEEE 100%);\r\nbackground: -webkit-gradient(linear, left top, left bottom, color-stop(0%,#FFFFFF), color-stop(100%,#EEEEEE)); \r\nbackground: -webkit-linear-gradient(top,  #FFFFFF 0%,#EEEEEE 100%);\r\nbackground: -o-linear-gradient(top,  #FFFFFF 0%,#EEEEEE 100%);\r\nbackground: -ms-linear-gradient(top,  #FFFFFF 0%,#EEEEEE 100%);\r\nbackground: linear-gradient(to bottom,  #FFFFFF 0%,#EEEEEE 100%);\r\nfilter: progid:DXImageTransform.Microsoft.gradient( startColorstr=\"#FFFFFF\", endColorstr=\"#EEEEEE\",GradientType=0 );\r\npadding: 4px;\r\nborder-width: 0px;\r\nfont-size: 1.0em;\r\nborder-top: medium none;\r\ntext-align: center;\r\n}\r\n<\/style><table id=\"t68\">\r\n\t<tbody><tr class=\"table-alternate row1\"> <td id=\"n1\" class=\"start\"><a href=\"http:\/\/www.vivierboats.com\/en-savoir-plus\/caracteristiques-techniques\/#longueur\" target=\"_blank\">Long. coque<\/a> \/ flottaison<\/td><td id=\"n2\" >7.95 \/ 7.23 m<\/td><td id=\"n3\" ><\/td><td id=\"n4\" >Voilure<\/td><td id=\"n5\" >53.2 m\u00b2<\/td><td id=\"n6\" ><\/td><\/tr><tr class= \"table-noalt row2\"><td id=\"n1\" class=\"start\"><a href=\"http:\/\/www.vivierboats.com\/en-savoir-plus\/caracteristiques-techniques\/#largeur\" target=\"_blank\">Largeur hors bord\u00e9<\/a> \/ flottaison<\/td><td id=\"n2\" >2.80 \/ 2.55 m\r\n<\/td><td id=\"n3\" ><\/td><td id=\"n4\" >Moteur diesel<\/td><td id=\"n5\" >14 ch<\/td><td id=\"n6\" ><\/td><\/tr><tr class=\"table-alternate row3\"> <td id=\"n1\" class=\"start\">Tirant d\u2019eau<\/td><td id=\"n2\" >1.25 m<\/td><td id=\"n3\" ><\/td><td id=\"n4\" ><a href=\"http:\/\/www.vivierboats.com\/en-savoir-plus\/caracteristiques-techniques\/#categorie\" target=\"_blank\">Cat\u00e9gorie et \u00e9quipage<\/a><\/td><td id=\"n5\" >B6<\/td><td id=\"n6\" ><\/td><\/tr><tr class= \"table-noalt row4\"><td id=\"n1\" class=\"start\"><a href=\"http:\/\/www.vivierboats.com\/en-savoir-plus\/caracteristiques-techniques\/#poids\" target=\"_blank\">Poids l\u00e8ge<\/a> \/ lest<\/td><td id=\"n2\" >3 000 \/ 1 200 kg<\/td><td id=\"n3\" ><\/td><td id=\"n4\" ><a href=\"http:\/\/www.vivierboats.com\/en-savoir-plus\/caracteristiques-techniques\/#temps\" target=\"_blank\">Temps construction avec kit<\/a><\/td><td id=\"n5\" >3 200 heures<\/td><td id=\"n6\" ><\/td><\/tr><\/tbody><\/table><div class=\"su-spacer\" style=\"height:10px\"><\/div>\n<div class=\"su-note\"  style=\"border-color:#cdcdcd;border-radius:5px;-moz-border-radius:5px;-webkit-border-radius:5px;\"><div class=\"su-note-inner su-u-clearfix su-u-trim\" style=\"background-color:#e7e7e7;border-color:#ffffff;color:#333333;border-radius:5px;-moz-border-radius:5px;-webkit-border-radius:5px;\">Attention: this boat may be built only with\u00a0<a href=\"http:\/\/www.vivierboats.com\/en\/learn-more\/plans-patterns-and-kits\/boats-kits\/\" target=\"_blank\" rel=\"noopener\">a numerically cut plywood kit.<\/div><\/div><\/a><\/p>\n<a href=\"http:\/\/www.vivierboats.com\/wp-content\/uploads\/bsk-pdf-manager\/57_KOALEN26-FR.PDF\" class=\"su-button su-button-style-flat\" style=\"color:#FFFFFF;background-color:#A30202;border-color:#830202;border-radius:5px\" target=\"_blank\" rel=\"noopener noreferrer\"><span style=\"color:#FFFFFF;padding:0px 18px;font-size:14px;line-height:28px;border-color:#bf4e4e;border-radius:5px;text-shadow:none\"> Drawing<\/span><\/a> <a href=\"http:\/\/vivierboats.com\/albumsen\/Cruising%20sailboats\/koalen26\/index.html\" class=\"su-button su-button-style-flat\" style=\"color:#FFFFFF;background-color:#A30202;border-color:#830202;border-radius:5px\" target=\"_blank\" rel=\"noopener noreferrer\"><span style=\"color:#FFFFFF;padding:0px 18px;font-size:14px;line-height:28px;border-color:#bf4e4e;border-radius:5px;text-shadow:none\"> See photo albums<\/span><\/a>\n<div class=\"su-spacer\" style=\"height:20px\"><\/div>\nKoalen 26 est inspir\u00e9 des voiliers traditionnels de p\u00eache des c\u00f4tes de Bretagne (Iroise et Bretagne nord). J&#8217;ai choisi une longueur juste inf\u00e9rieure \u00e0 8 m, avec une voute courte\u00a0dans l&#8217;esprit &#8220;Carantec&#8221;. Il est aussi possible de construire ce bateau avec une voute plus \u00e9l\u00e9gante en portant la longueur \u00e0 8.5 m. Comme le Pen-Hir, il a une quille longue avec bulbe en plomb qui concile facilit\u00e9 d&#8217;\u00e9chouage avec performances dignes d&#8217;une car\u00e8ne moderne. Le d\u00e9placement en charge est d\u00e9j\u00e0 g\u00e9n\u00e9reux avec plus de 3 tonnes. Cela permet des emm\u00e9nagements apportant un confort tout \u00e0 fait satisfaisant pour la croisi\u00e8re c\u00f4ti\u00e8re.<\/p>\n<p>Les emm\u00e9nagements comportent 4 couchettes (convertibles en couchette double \u00e0 l&#8217;avant), un WC marin ou chimique \u00e0 l&#8217;avant, un bel espace cuisine, une table \u00e0 carte face \u00e0 la marche. On y a la hauteur debout m\u00eame avec un rouf qui reste discret.<br \/>\nLe bord\u00e9 est en bois moul\u00e9 de contreplaqu\u00e9 (comme le <a title=\"Pen-Hir\" href=\"http:\/\/www.vivierboats.com\/produit\/pen-hir\/\">Pen-Hir<\/a>), stratifi\u00e9es ext\u00e9rieurement, pos\u00e9es sur une charpente constitu\u00e9e majoritairement de cloisons transversales et longitudinales en contreplaqu\u00e9. Comme pour mes autres plans, une facilit\u00e9 de construction exceptionnelle est au rendez-vous, tant pour l&#8217;amateur que le professionnel. Un plan de d\u00e9rive bien d\u00e9velopp\u00e9 et un lest de plus d&#8217;une tonne assurent stabilit\u00e9 et des performances au pr\u00e8s qui devraient \u00e9tonner pour un tel voilier traditionnel.<\/p>\n<p>Il est pr\u00e9vu une motorisation diesel de 14 ch.<\/p>\n<p>Koalen 26 est gr\u00e9\u00e9 en cotre \u00e0 corne, y compris une voile de fl\u00e8che, un gr\u00e9ement qui lui convient \u00e0 merveille et lui donne une grande allure. La surface mod\u00e9r\u00e9e du foc et de la trinquette, l&#8217;absence de bastaque, en font un bateau manoeuvrable par un \u00e9quipage de deux personnes et m\u00eame en solitaire. Le m\u00e2t est mont\u00e9 sur jumelles et on peut donc le d\u00e9monter sans aide ext\u00e9rieure.<\/p>\n<p>Le premier exemplaire a \u00e9t\u00e9 construit par Laurent Pilon et navigue en m\u00e9diterran\u00e9e. <a href=\"https:\/\/www.facebook.com\/koalen.belair\/videos\/379007207157022\/\" target=\"_blank\" rel=\"noopener\">Voir vid\u00e9o sous voile.<\/a><\/p>\n","protected":false},"excerpt":{"rendered":"<h3>Traditional cruising cutter, 8 m long<\/h3>\n<div class=\"su-spacer\" style=\"height:10px\"><\/div>\n<div class=\"su-note\"  style=\"border-color:#cdcdcd;border-radius:5px;-moz-border-radius:5px;-webkit-border-radius:5px;\"><div class=\"su-note-inner su-u-clearfix su-u-trim\" style=\"background-color:#e7e7e7;border-color:#ffffff;color:#333333;border-radius:5px;-moz-border-radius:5px;-webkit-border-radius:5px;\">This plan is presently available in French. Please ask the <a href=\"http:\/\/www.vivierboats.com\/en\/contact-en\/\" target=\"_blank\" rel=\"noopener\">designer <\/a>for an English version.<\/div><\/div>\n","protected":false},"featured_media":15917,"comment_status":"open","ping_status":"closed","template":"","meta":{"ocean_post_layout":"","ocean_both_sidebars_style":"","ocean_both_sidebars_content_width":0,"ocean_both_sidebars_sidebars_width":0,"ocean_sidebar":"0","ocean_second_sidebar":"0","ocean_disable_margins":"enable","ocean_add_body_class":"","ocean_shortcode_before_top_bar":"","ocean_shortcode_after_top_bar":"","ocean_shortcode_before_header":"","ocean_shortcode_after_header":"","ocean_has_shortcode":"","ocean_shortcode_after_title":"","ocean_shortcode_before_footer_widgets":"","ocean_shortcode_after_footer_widgets":"","ocean_shortcode_before_footer_bottom":"","ocean_shortcode_after_footer_bottom":"","ocean_display_top_bar":"default","ocean_display_header":"default","ocean_header_style":"","ocean_center_header_left_menu":"0","ocean_custom_header_template":"0","ocean_custom_logo":0,"ocean_custom_retina_logo":0,"ocean_custom_logo_max_width":0,"ocean_custom_logo_tablet_max_width":0,"ocean_custom_logo_mobile_max_width":0,"ocean_custom_logo_max_height":0,"ocean_custom_logo_tablet_max_height":0,"ocean_custom_logo_mobile_max_height":0,"ocean_header_custom_menu":"0","ocean_menu_typo_font_family":"0","ocean_menu_typo_font_subset":"","ocean_menu_typo_font_size":0,"ocean_menu_typo_font_size_tablet":0,"ocean_menu_typo_font_size_mobile":0,"ocean_menu_typo_font_size_unit":"px","ocean_menu_typo_font_weight":"","ocean_menu_typo_font_weight_tablet":"","ocean_menu_typo_font_weight_mobile":"","ocean_menu_typo_transform":"","ocean_menu_typo_transform_tablet":"","ocean_menu_typo_transform_mobile":"","ocean_menu_typo_line_height":0,"ocean_menu_typo_line_height_tablet":0,"ocean_menu_typo_line_height_mobile":0,"ocean_menu_typo_line_height_unit":"","ocean_menu_typo_spacing":0,"ocean_menu_typo_spacing_tablet":0,"ocean_menu_typo_spacing_mobile":0,"ocean_menu_typo_spacing_unit":"","ocean_menu_link_color":"","ocean_menu_link_color_hover":"","ocean_menu_link_color_active":"","ocean_menu_link_background":"","ocean_menu_link_hover_background":"","ocean_menu_link_active_background":"","ocean_menu_social_links_bg":"","ocean_menu_social_hover_links_bg":"","ocean_menu_social_links_color":"","ocean_menu_social_hover_links_color":"","ocean_disable_title":"default","ocean_disable_heading":"default","ocean_post_title":"","ocean_post_subheading":"","ocean_post_title_style":"","ocean_post_title_background_color":"","ocean_post_title_background":0,"ocean_post_title_bg_image_position":"","ocean_post_title_bg_image_attachment":"","ocean_post_title_bg_image_repeat":"","ocean_post_title_bg_image_size":"","ocean_post_title_height":0,"ocean_post_title_bg_overlay":0.5,"ocean_post_title_bg_overlay_color":"","ocean_disable_breadcrumbs":"default","ocean_breadcrumbs_color":"","ocean_breadcrumbs_separator_color":"","ocean_breadcrumbs_links_color":"","ocean_breadcrumbs_links_hover_color":"","ocean_display_footer_widgets":"default","ocean_display_footer_bottom":"default","ocean_custom_footer_template":"0"},"product_brand":[],"product_cat":[1269],"product_tag":[781,780],"class_list":{"0":"post-15918","1":"product","2":"type-product","3":"status-publish","4":"has-post-thumbnail","6":"product_cat-cruising-sail-boats","7":"product_tag-gaff-sail","8":"product_tag-over-7-m","10":"entry","11":"has-media","13":"first","14":"instock","15":"taxable","16":"shipping-taxable","17":"product-type-grouped","18":"col","19":"span_1_of_4","20":"owp-content-center","21":"item-entry","22":"owp-thumbs-layout-horizontal","23":"owp-btn-big","24":"owp-tabs-layout-section","25":"has-no-thumbnails"},"jetpack_sharing_enabled":true,"_links":{"self":[{"href":"http:\/\/www.vivierboats.com\/en\/wp-json\/wp\/v2\/product\/15918","targetHints":{"allow":["GET"]}}],"collection":[{"href":"http:\/\/www.vivierboats.com\/en\/wp-json\/wp\/v2\/product"}],"about":[{"href":"http:\/\/www.vivierboats.com\/en\/wp-json\/wp\/v2\/types\/product"}],"replies":[{"embeddable":true,"href":"http:\/\/www.vivierboats.com\/en\/wp-json\/wp\/v2\/comments?post=15918"}],"version-history":[{"count":0,"href":"http:\/\/www.vivierboats.com\/en\/wp-json\/wp\/v2\/product\/15918\/revisions"}],"wp:featuredmedia":[{"embeddable":true,"href":"http:\/\/www.vivierboats.com\/en\/wp-json\/wp\/v2\/media\/15917"}],"wp:attachment":[{"href":"http:\/\/www.vivierboats.com\/en\/wp-json\/wp\/v2\/media?parent=15918"}],"wp:term":[{"taxonomy":"product_brand","embeddable":true,"href":"http:\/\/www.vivierboats.com\/en\/wp-json\/wp\/v2\/product_brand?post=15918"},{"taxonomy":"product_cat","embeddable":true,"href":"http:\/\/www.vivierboats.com\/en\/wp-json\/wp\/v2\/product_cat?post=15918"},{"taxonomy":"product_tag","embeddable":true,"href":"http:\/\/www.vivierboats.com\/en\/wp-json\/wp\/v2\/product_tag?post=15918"}],"curies":[{"name":"wp","href":"https:\/\/api.w.org\/{rel}","templated":true}]}}